{"id":782,"date":"2025-08-12T16:21:29","date_gmt":"2025-08-12T14:21:29","guid":{"rendered":"https:\/\/142912.webtonia.cloud\/?page_id=782"},"modified":"2025-08-22T09:22:09","modified_gmt":"2025-08-22T07:22:09","slug":"die-vorgehensweise","status":"publish","type":"page","link":"https:\/\/142912.webtonia.cloud\/index.php\/die-vorgehensweise\/","title":{"rendered":"Die Vorgehensweise"},"content":{"rendered":"\t\t<div data-elementor-type=\"wp-page\" data-elementor-id=\"782\" class=\"elementor elementor-782\" data-elementor-settings=\"{&quot;element_pack_global_tooltip_width&quot;:{&quot;unit&quot;:&quot;px&quot;,&quot;size&quot;:&quot;&quot;,&quot;sizes&quot;:[]},&quot;element_pack_global_tooltip_width_tablet&quot;:{&quot;unit&quot;:&quot;px&quot;,&quot;size&quot;:&quot;&quot;,&quot;sizes&quot;:[]},&quot;element_pack_global_tooltip_width_mobile&quot;:{&quot;unit&quot;:&quot;px&quot;,&quot;size&quot;:&quot;&quot;,&quot;sizes&quot;:[]},&quot;element_pack_global_tooltip_padding&quot;:{&quot;unit&quot;:&quot;px&quot;,&quot;top&quot;:&quot;&quot;,&quot;right&quot;:&quot;&quot;,&quot;bottom&quot;:&quot;&quot;,&quot;left&quot;:&quot;&quot;,&quot;isLinked&quot;:true},&quot;element_pack_global_tooltip_padding_tablet&quot;:{&quot;unit&quot;:&quot;px&quot;,&quot;top&quot;:&quot;&quot;,&quot;right&quot;:&quot;&quot;,&quot;bottom&quot;:&quot;&quot;,&quot;left&quot;:&quot;&quot;,&quot;isLinked&quot;:true},&quot;element_pack_global_tooltip_padding_mobile&quot;:{&quot;unit&quot;:&quot;px&quot;,&quot;top&quot;:&quot;&quot;,&quot;right&quot;:&quot;&quot;,&quot;bottom&quot;:&quot;&quot;,&quot;left&quot;:&quot;&quot;,&quot;isLinked&quot;:true},&quot;element_pack_global_tooltip_border_radius&quot;:{&quot;unit&quot;:&quot;px&quot;,&quot;top&quot;:&quot;&quot;,&quot;right&quot;:&quot;&quot;,&quot;bottom&quot;:&quot;&quot;,&quot;left&quot;:&quot;&quot;,&quot;isLinked&quot;:true},&quot;element_pack_global_tooltip_border_radius_tablet&quot;:{&quot;unit&quot;:&quot;px&quot;,&quot;top&quot;:&quot;&quot;,&quot;right&quot;:&quot;&quot;,&quot;bottom&quot;:&quot;&quot;,&quot;left&quot;:&quot;&quot;,&quot;isLinked&quot;:true},&quot;element_pack_global_tooltip_border_radius_mobile&quot;:{&quot;unit&quot;:&quot;px&quot;,&quot;top&quot;:&quot;&quot;,&quot;right&quot;:&quot;&quot;,&quot;bottom&quot;:&quot;&quot;,&quot;left&quot;:&quot;&quot;,&quot;isLinked&quot;:true}}\" data-elementor-post-type=\"page\">\n\t\t\t\t<div class=\"elementor-element elementor-element-0832e06 e-flex e-con-boxed e-con e-parent\" data-id=\"0832e06\" data-element_type=\"container\" data-settings=\"{&quot;background_background&quot;:&quot;classic&quot;}\">\n\t\t\t\t\t<div class=\"e-con-inner\">\n\t\t\t\t<div class=\"elementor-element elementor-element-4471998 elementor-widget__width-inherit elementor-widget elementor-widget-heading\" data-id=\"4471998\" data-element_type=\"widget\" data-widget_type=\"heading.default\">\n\t\t\t\t\t<h1 class=\"elementor-heading-title elementor-size-default\">Die Vorgehensweise<\/h1>\t\t\t\t<\/div>\n\t\t\t\t\t<\/div>\n\t\t\t\t<\/div>\n\t\t<div class=\"elementor-element elementor-element-6c90ca4 e-flex e-con-boxed e-con e-parent\" data-id=\"6c90ca4\" data-element_type=\"container\">\n\t\t\t\t\t<div class=\"e-con-inner\">\n\t\t\t\t<div class=\"elementor-element elementor-element-cf963bb elementor-widget elementor-widget-heading\" data-id=\"cf963bb\" data-element_type=\"widget\" data-widget_type=\"heading.default\">\n\t\t\t\t\t<h2 class=\"elementor-heading-title elementor-size-default\">Z\u00fcgig zum optimalen Ergebnis<\/h2>\t\t\t\t<\/div>\n\t\t\t\t<div class=\"elementor-element elementor-element-70a7f30 elementor-widget elementor-widget-text-editor\" data-id=\"70a7f30\" data-element_type=\"widget\" data-widget_type=\"text-editor.default\">\n\t\t\t\t\t\t\t\t\t<p>Unsere T\u00e4tigkeit steht immer im Auftrag unserer Kunden.\u00a0 Dabei ist unsere Vorgehensweise klar strukturiert und transparent f\u00fcr Sie. Grundlage f\u00fcr unsere Dienstleistung ist ein Maklervertrag bzw. eine Maklervollmacht. Der Maklervertrag regelt die Grundlagen unserer Zusammenarbeit mit den Mandanten, insbesondere wird hier geregelt f\u00fcr welche Vertr\u00e4ge und in welchen Bereichen wir f\u00fcr Sie t\u00e4tig werden. Um uns gegen\u00fcber den Versicherungen oder Produktgebern zu legitimieren, haben unsere Mandanten die M\u00f6glichkeit, uns zus\u00e4tzlich eine Vollmacht zu erteilen. Durch diese Vollmacht k\u00f6nnen wir Vertr\u00e4ge \u2013 im Namen unseres Mandanten \u2013 in unsere Betreuung \u00fcbernehmen, k\u00fcndigen, \u00e4ndern oder neu eindecken. Auch die Mitwirkung bei einer Schadenregulierung ist m\u00f6glich. Diese Dienstleistungen werden selbstverst\u00e4ndlich f\u00fcr Sie kostenfrei erbracht.<\/p>\t\t\t\t\t\t\t\t<\/div>\n\t\t\t\t\t<\/div>\n\t\t\t\t<\/div>\n\t\t<div class=\"elementor-element elementor-element-0883c34 e-flex e-con-boxed e-con e-parent\" data-id=\"0883c34\" data-element_type=\"container\">\n\t\t\t\t\t<div class=\"e-con-inner\">\n\t\t<div class=\"elementor-element elementor-element-cbd1f29 e-con-full e-flex e-con e-child\" data-id=\"cbd1f29\" data-element_type=\"container\">\n\t\t\t\t<div class=\"elementor-element elementor-element-19eae91 elementor-widget elementor-widget-heading\" data-id=\"19eae91\" data-element_type=\"widget\" data-widget_type=\"heading.default\">\n\t\t\t\t\t<h3 class=\"elementor-heading-title elementor-size-default\">In vier Stufen zum idealen Ergebnis.<\/h3>\t\t\t\t<\/div>\n\t\t\t\t<div class=\"elementor-element elementor-element-fd69005 elementor-widget elementor-widget-text-editor\" data-id=\"fd69005\" data-element_type=\"widget\" data-widget_type=\"text-editor.default\">\n\t\t\t\t\t\t\t\t\t<h4><strong>Stufe 1:<br \/>Aufnahme und Besprechung der \u201eBeratungsgrundlage&#8220;.<\/strong><\/h4><p>Nachdem wir uns bei Ihnen anhand unserer \u201eErstinformation\u201c vorgestellt haben, besprechen wir mit Ihnen Ihre pers\u00f6nlichen W\u00fcnsche und Ziele, was Ihnen wichtig und unwichtig ist und zu welchen Themen Sie konkret beraten werden m\u00f6chten. Ihre Angaben halten wir als Grundlage f\u00fcr die weitere Beratung schriftlich fest.<\/p><h4><strong>Stufe 2:<br \/>Wir erarbeiten L\u00f6sungskonzepte und Alternativen.<\/strong><\/h4><p>Wir erstellen Ihnen eine Analyse f\u00fcr alle Bereiche, die Ihnen pers\u00f6nlich wichtig sind und erarbeiten Ihnen ein ma\u00dfgeschneidertes L\u00f6sungskonzept. F\u00fcr ihre bereits bestehenden Versicherungen bieten wir Ihnen individuelle Vergleichsangebote.<\/p><h4><strong>Stufe 3:<br \/>Wir stellen Ihnen ihr pers\u00f6nliches Konzept vor.<\/strong>\u00a0<\/h4><p>In einem zweiten pers\u00f6nlichen Gespr\u00e4ch pr\u00e4sentieren wir Ihnen die von uns erstellten L\u00f6sungen um Ihre Versorgung und Ihren Versicherungsschutz im Preis-Leistung-Verh\u00e4ltnis zu optimieren. Sind Sie mit unseren Vorschl\u00e4gen einverstanden, beauftragen Sie uns \u00fcber den \u201eMaklervertrag\u201d oder gegebenenfalls \u00fcber die \u201eMaklervollmacht\u201c mit der Wahrnehmung Ihr Interessen.<\/p><h4><strong>Stufe 4:<br \/>Laufende Betreuung<\/strong><\/h4><p>Durch eine laufende Betreuung halten wir Ihre Vertr\u00e4ge st\u00e4ndig auf einem aktuellen Stand und informieren Sie \u00fcber gesetzliche und vertragliche \u00c4nderungen und Verbesserungen. Selbstverst\u00e4ndlich begleiten wir auf Wunsch auch Ihre Familienmitglieder in allen Bereichen der Versicherungen und Kapitalanlagen.<\/p>\t\t\t\t\t\t\t\t<\/div>\n\t\t\t\t<\/div>\n\t\t\t\t\t<\/div>\n\t\t\t\t<\/div>\n\t\t\t\t<\/div>\n\t\t","protected":false},"excerpt":{"rendered":"<p>Die Vorgehensweise Z\u00fcgig zum optimalen Ergebnis Unsere T\u00e4tigkeit steht immer im Auftrag unserer Kunden.\u00a0 Dabei ist unsere Vorgehensweise klar strukturiert und transparent f\u00fcr Sie. Grundlage f\u00fcr unsere Dienstleistung ist ein Maklervertrag bzw. eine Maklervollmacht. Der Maklervertrag regelt die Grundlagen unserer Zusammenarbeit mit den Mandanten, insbesondere wird hier geregelt f\u00fcr welche Vertr\u00e4ge und in welchen Bereichen [&hellip;]<\/p>\n","protected":false},"author":1,"featured_media":0,"parent":0,"menu_order":0,"comment_status":"closed","ping_status":"closed","template":"","meta":{"footnotes":""},"class_list":["post-782","page","type-page","status-publish","hentry"],"_links":{"self":[{"href":"https:\/\/142912.webtonia.cloud\/index.php\/wp-json\/wp\/v2\/pages\/782","targetHints":{"allow":["GET"]}}],"collection":[{"href":"https:\/\/142912.webtonia.cloud\/index.php\/wp-json\/wp\/v2\/pages"}],"about":[{"href":"https:\/\/142912.webtonia.cloud\/index.php\/wp-json\/wp\/v2\/types\/page"}],"author":[{"embeddable":true,"href":"https:\/\/142912.webtonia.cloud\/index.php\/wp-json\/wp\/v2\/users\/1"}],"replies":[{"embeddable":true,"href":"https:\/\/142912.webtonia.cloud\/index.php\/wp-json\/wp\/v2\/comments?post=782"}],"version-history":[{"count":46,"href":"https:\/\/142912.webtonia.cloud\/index.php\/wp-json\/wp\/v2\/pages\/782\/revisions"}],"predecessor-version":[{"id":1995,"href":"https:\/\/142912.webtonia.cloud\/index.php\/wp-json\/wp\/v2\/pages\/782\/revisions\/1995"}],"wp:attachment":[{"href":"https:\/\/142912.webtonia.cloud\/index.php\/wp-json\/wp\/v2\/media?parent=782"}],"curies":[{"name":"wp","href":"https:\/\/api.w.org\/{rel}","templated":true}]}}