{"id":772,"date":"2025-08-12T16:14:26","date_gmt":"2025-08-12T14:14:26","guid":{"rendered":"https:\/\/142912.webtonia.cloud\/?page_id=772"},"modified":"2025-08-22T09:15:26","modified_gmt":"2025-08-22T07:15:26","slug":"ihre-vorteile","status":"publish","type":"page","link":"https:\/\/142912.webtonia.cloud\/index.php\/ihre-vorteile\/","title":{"rendered":"Ihre Vorteile"},"content":{"rendered":"\t\t<div data-elementor-type=\"wp-page\" data-elementor-id=\"772\" class=\"elementor elementor-772\" data-elementor-settings=\"{&quot;element_pack_global_tooltip_width&quot;:{&quot;unit&quot;:&quot;px&quot;,&quot;size&quot;:&quot;&quot;,&quot;sizes&quot;:[]},&quot;element_pack_global_tooltip_width_tablet&quot;:{&quot;unit&quot;:&quot;px&quot;,&quot;size&quot;:&quot;&quot;,&quot;sizes&quot;:[]},&quot;element_pack_global_tooltip_width_mobile&quot;:{&quot;unit&quot;:&quot;px&quot;,&quot;size&quot;:&quot;&quot;,&quot;sizes&quot;:[]},&quot;element_pack_global_tooltip_padding&quot;:{&quot;unit&quot;:&quot;px&quot;,&quot;top&quot;:&quot;&quot;,&quot;right&quot;:&quot;&quot;,&quot;bottom&quot;:&quot;&quot;,&quot;left&quot;:&quot;&quot;,&quot;isLinked&quot;:true},&quot;element_pack_global_tooltip_padding_tablet&quot;:{&quot;unit&quot;:&quot;px&quot;,&quot;top&quot;:&quot;&quot;,&quot;right&quot;:&quot;&quot;,&quot;bottom&quot;:&quot;&quot;,&quot;left&quot;:&quot;&quot;,&quot;isLinked&quot;:true},&quot;element_pack_global_tooltip_padding_mobile&quot;:{&quot;unit&quot;:&quot;px&quot;,&quot;top&quot;:&quot;&quot;,&quot;right&quot;:&quot;&quot;,&quot;bottom&quot;:&quot;&quot;,&quot;left&quot;:&quot;&quot;,&quot;isLinked&quot;:true},&quot;element_pack_global_tooltip_border_radius&quot;:{&quot;unit&quot;:&quot;px&quot;,&quot;top&quot;:&quot;&quot;,&quot;right&quot;:&quot;&quot;,&quot;bottom&quot;:&quot;&quot;,&quot;left&quot;:&quot;&quot;,&quot;isLinked&quot;:true},&quot;element_pack_global_tooltip_border_radius_tablet&quot;:{&quot;unit&quot;:&quot;px&quot;,&quot;top&quot;:&quot;&quot;,&quot;right&quot;:&quot;&quot;,&quot;bottom&quot;:&quot;&quot;,&quot;left&quot;:&quot;&quot;,&quot;isLinked&quot;:true},&quot;element_pack_global_tooltip_border_radius_mobile&quot;:{&quot;unit&quot;:&quot;px&quot;,&quot;top&quot;:&quot;&quot;,&quot;right&quot;:&quot;&quot;,&quot;bottom&quot;:&quot;&quot;,&quot;left&quot;:&quot;&quot;,&quot;isLinked&quot;:true}}\" data-elementor-post-type=\"page\">\n\t\t\t\t<div class=\"elementor-element elementor-element-84f33fc e-flex e-con-boxed e-con e-parent\" data-id=\"84f33fc\" data-element_type=\"container\" data-settings=\"{&quot;background_background&quot;:&quot;classic&quot;}\">\n\t\t\t\t\t<div class=\"e-con-inner\">\n\t\t\t\t<div class=\"elementor-element elementor-element-062d614 elementor-widget__width-inherit elementor-widget elementor-widget-heading\" data-id=\"062d614\" data-element_type=\"widget\" data-widget_type=\"heading.default\">\n\t\t\t\t\t<h1 class=\"elementor-heading-title elementor-size-default\">Ihre Vorteile<\/h1>\t\t\t\t<\/div>\n\t\t\t\t\t<\/div>\n\t\t\t\t<\/div>\n\t\t<div class=\"elementor-element elementor-element-70db9de e-flex e-con-boxed e-con e-parent\" data-id=\"70db9de\" data-element_type=\"container\">\n\t\t\t\t\t<div class=\"e-con-inner\">\n\t\t\t\t<div class=\"elementor-element elementor-element-23289d3 elementor-widget elementor-widget-heading\" data-id=\"23289d3\" data-element_type=\"widget\" data-widget_type=\"heading.default\">\n\t\t\t\t\t<h2 class=\"elementor-heading-title elementor-size-default\">Umfangreiche Unterst\u00fctzung aus einer Hand<\/h2>\t\t\t\t<\/div>\n\t\t\t\t\t<\/div>\n\t\t\t\t<\/div>\n\t\t<div class=\"elementor-element elementor-element-77cf035 e-flex e-con-boxed e-con e-parent\" data-id=\"77cf035\" data-element_type=\"container\">\n\t\t\t\t\t<div class=\"e-con-inner\">\n\t\t\t\t<div class=\"elementor-element elementor-element-2b6c4d1 elementor-widget elementor-widget-text-editor\" data-id=\"2b6c4d1\" data-element_type=\"widget\" data-widget_type=\"text-editor.default\">\n\t\t\t\t\t\t\t\t\t<p style=\"text-align: center;\">Als Versicherungsmakler sind wir ausschlie\u00dflich unseren Kunden verpflichtet.\u00a0 Wir agieren als dessen \u201ctreuh\u00e4nderischer Sachverwalter\u201d. Wir sind verpflichtet, unsere Kunden bestm\u00f6glich zu beraten und sind f\u00fcr die Folgen auch verantwortlich. So entsteht eine wirkliche Partnerschaft zwischen Beratern und Kunden.<\/p><p style=\"text-align: center;\">Verlassen Sie sich auf uns und k\u00fcmmern Sie sich um das Wichtigste bei Ihren Versicherungen: ein gut abgesichertes und sorgenfreies Leben f\u00fchren. Deshalb k\u00fcmmern wir uns als Ihr Versicherungsmakler auch um die Details.<\/p>\t\t\t\t\t\t\t\t<\/div>\n\t\t\t\t\t<\/div>\n\t\t\t\t<\/div>\n\t\t<div class=\"elementor-element elementor-element-848b04c e-flex e-con-boxed e-con e-parent\" data-id=\"848b04c\" data-element_type=\"container\">\n\t\t\t\t\t<div class=\"e-con-inner\">\n\t\t<div class=\"elementor-element elementor-element-dbc4105 e-flex e-con-boxed e-con e-child\" data-id=\"dbc4105\" data-element_type=\"container\">\n\t\t\t\t\t<div class=\"e-con-inner\">\n\t\t\t\t<div class=\"elementor-element elementor-element-c275b13 elementor-widget__width-inherit elementor-widget elementor-widget-n-accordion\" data-id=\"c275b13\" data-element_type=\"widget\" data-settings=\"{&quot;default_state&quot;:&quot;all_collapsed&quot;,&quot;n_accordion_animation_duration&quot;:{&quot;unit&quot;:&quot;ms&quot;,&quot;size&quot;:300,&quot;sizes&quot;:[]},&quot;max_items_expended&quot;:&quot;one&quot;}\" data-widget_type=\"nested-accordion.default\">\n\t\t\t\t\t\t\t<div class=\"e-n-accordion\" aria-label=\"Accordion. Open links with Enter or Space, close with Escape, and navigate with Arrow Keys\">\n\t\t\t\t\t\t<details id=\"e-n-accordion-item-2030\" class=\"e-n-accordion-item\" >\n\t\t\t\t<summary class=\"e-n-accordion-item-title\" data-accordion-index=\"1\" tabindex=\"0\" aria-expanded=\"false\" aria-controls=\"e-n-accordion-item-2030\" >\n\t\t\t\t\t<span class='e-n-accordion-item-title-header'><h3 class=\"e-n-accordion-item-title-text\"> Wir geben Ihnen den passenden Versicherungsschutz <\/h3><\/span>\n\t\t\t\t\t\t\t<span class='e-n-accordion-item-title-icon'>\n\t\t\t<span class='e-opened' ><svg aria-hidden=\"true\" class=\"e-font-icon-svg e-fas-minus\" viewBox=\"0 0 448 512\" xmlns=\"http:\/\/www.w3.org\/2000\/svg\"><path d=\"M416 208H32c-17.67 0-32 14.33-32 32v32c0 17.67 14.33 32 32 32h384c17.67 0 32-14.33 32-32v-32c0-17.67-14.33-32-32-32z\"><\/path><\/svg><\/span>\n\t\t\t<span class='e-closed'><svg aria-hidden=\"true\" class=\"e-font-icon-svg e-fas-plus\" viewBox=\"0 0 448 512\" xmlns=\"http:\/\/www.w3.org\/2000\/svg\"><path d=\"M416 208H272V64c0-17.67-14.33-32-32-32h-32c-17.67 0-32 14.33-32 32v144H32c-17.67 0-32 14.33-32 32v32c0 17.67 14.33 32 32 32h144v144c0 17.67 14.33 32 32 32h32c17.67 0 32-14.33 32-32V304h144c17.67 0 32-14.33 32-32v-32c0-17.67-14.33-32-32-32z\"><\/path><\/svg><\/span>\n\t\t<\/span>\n\n\t\t\t\t\t\t<\/summary>\n\t\t\t\t<div role=\"region\" aria-labelledby=\"e-n-accordion-item-2030\" class=\"elementor-element elementor-element-f16629d e-con-full e-flex e-con e-child\" data-id=\"f16629d\" data-element_type=\"container\">\n\t\t\t\t<div class=\"elementor-element elementor-element-fa891d9 elementor-widget elementor-widget-text-editor\" data-id=\"fa891d9\" data-element_type=\"widget\" data-widget_type=\"text-editor.default\">\n\t\t\t\t\t\t\t\t\t<p>Zur unserer Aufgabenstellung geh\u00f6rt ein breit gef\u00e4cherter Bereich von T\u00e4tigkeiten. Mit uns haben Sie einen kompetenten Ansprechpartner f\u00fcr alle Versicherungsfragen. Dabei ist es nicht entscheidend bei welchen Versicherungsgesellschaften die einzelnen Versicherungsvertr\u00e4ge abgeschlossen wurden. Was wir Ihnen bieten k\u00f6nnen:<\/p><ul><li><strong>Objektive Markt\u00fcbersicht<br \/><\/strong><\/li><li><strong>Risiko- und Bedarfsanalyse<\/strong><\/li><li><strong>Entwicklung des Deckungskonzeptes<\/strong><\/li><li><strong>Auswahl der verschiedenen Angebote<br \/><\/strong><\/li><li><strong>Besprechungen mit Ihnen und einer Gesellschaft<br \/><\/strong><\/li><li><strong>Entscheidungshilfe \u00fcber den Abschluss<\/strong><\/li><\/ul>\t\t\t\t\t\t\t\t<\/div>\n\t\t\t\t<\/div>\n\t\t\t\t\t<\/details>\n\t\t\t\t\t\t<details id=\"e-n-accordion-item-2031\" class=\"e-n-accordion-item\" >\n\t\t\t\t<summary class=\"e-n-accordion-item-title\" data-accordion-index=\"2\" tabindex=\"-1\" aria-expanded=\"false\" aria-controls=\"e-n-accordion-item-2031\" >\n\t\t\t\t\t<span class='e-n-accordion-item-title-header'><h3 class=\"e-n-accordion-item-title-text\"> Langfristige Betreuung <\/h3><\/span>\n\t\t\t\t\t\t\t<span class='e-n-accordion-item-title-icon'>\n\t\t\t<span class='e-opened' ><svg aria-hidden=\"true\" class=\"e-font-icon-svg e-fas-minus\" viewBox=\"0 0 448 512\" xmlns=\"http:\/\/www.w3.org\/2000\/svg\"><path d=\"M416 208H32c-17.67 0-32 14.33-32 32v32c0 17.67 14.33 32 32 32h384c17.67 0 32-14.33 32-32v-32c0-17.67-14.33-32-32-32z\"><\/path><\/svg><\/span>\n\t\t\t<span class='e-closed'><svg aria-hidden=\"true\" class=\"e-font-icon-svg e-fas-plus\" viewBox=\"0 0 448 512\" xmlns=\"http:\/\/www.w3.org\/2000\/svg\"><path d=\"M416 208H272V64c0-17.67-14.33-32-32-32h-32c-17.67 0-32 14.33-32 32v144H32c-17.67 0-32 14.33-32 32v32c0 17.67 14.33 32 32 32h144v144c0 17.67 14.33 32 32 32h32c17.67 0 32-14.33 32-32V304h144c17.67 0 32-14.33 32-32v-32c0-17.67-14.33-32-32-32z\"><\/path><\/svg><\/span>\n\t\t<\/span>\n\n\t\t\t\t\t\t<\/summary>\n\t\t\t\t<div role=\"region\" aria-labelledby=\"e-n-accordion-item-2031\" class=\"elementor-element elementor-element-3ddc967 e-con-full e-flex e-con e-child\" data-id=\"3ddc967\" data-element_type=\"container\">\n\t\t\t\t<div class=\"elementor-element elementor-element-f153707 elementor-widget elementor-widget-text-editor\" data-id=\"f153707\" data-element_type=\"widget\" data-widget_type=\"text-editor.default\">\n\t\t\t\t\t\t\t\t\t<p>Als Versicherungsmakler steht die umfangreiche und langfristige Betreuung unserer Mandanten im Fokus unserer Arbeit. Unser Engagement umfasst dabei verschiedenste Aufgaben im Interesse unserer Kunden. Unsere Aufgaben und Leistungen:<\/p><ul><li><strong>Laufende Analyse des zu versichernden Risikos<\/strong><\/li><li><strong>Entwicklung eines Deckungskonzeptes<\/strong><\/li><li><strong>Einholung von Angeboten und \u00dcberpr\u00fcfung dieser Angebote<\/strong><\/li><li><strong>Produktauswahl und Auswahl des Risikotr\u00e4gers<\/strong><\/li><li><strong>Pr\u00fcfung der Dokumentierung<\/strong><\/li><li><strong>K\u00fcndigung bestehender Vertr\u00e4ge und Umdeckung<\/strong><\/li><li><strong>Risikobeobachtung und Erweiterung des Versicherungsschutzes<\/strong><\/li><li><strong>Unterst\u00fctzung des Mandanten im Schaden- und Leistungsfall<\/strong><\/li><\/ul>\t\t\t\t\t\t\t\t<\/div>\n\t\t\t\t<\/div>\n\t\t\t\t\t<\/details>\n\t\t\t\t\t\t<details id=\"e-n-accordion-item-2032\" class=\"e-n-accordion-item\" >\n\t\t\t\t<summary class=\"e-n-accordion-item-title\" data-accordion-index=\"3\" tabindex=\"-1\" aria-expanded=\"false\" aria-controls=\"e-n-accordion-item-2032\" >\n\t\t\t\t\t<span class='e-n-accordion-item-title-header'><h3 class=\"e-n-accordion-item-title-text\"> Unabh\u00e4ngigkeit zu Ihrem Vorteil <\/h3><\/span>\n\t\t\t\t\t\t\t<span class='e-n-accordion-item-title-icon'>\n\t\t\t<span class='e-opened' ><svg aria-hidden=\"true\" class=\"e-font-icon-svg e-fas-minus\" viewBox=\"0 0 448 512\" xmlns=\"http:\/\/www.w3.org\/2000\/svg\"><path d=\"M416 208H32c-17.67 0-32 14.33-32 32v32c0 17.67 14.33 32 32 32h384c17.67 0 32-14.33 32-32v-32c0-17.67-14.33-32-32-32z\"><\/path><\/svg><\/span>\n\t\t\t<span class='e-closed'><svg aria-hidden=\"true\" class=\"e-font-icon-svg e-fas-plus\" viewBox=\"0 0 448 512\" xmlns=\"http:\/\/www.w3.org\/2000\/svg\"><path d=\"M416 208H272V64c0-17.67-14.33-32-32-32h-32c-17.67 0-32 14.33-32 32v144H32c-17.67 0-32 14.33-32 32v32c0 17.67 14.33 32 32 32h144v144c0 17.67 14.33 32 32 32h32c17.67 0 32-14.33 32-32V304h144c17.67 0 32-14.33 32-32v-32c0-17.67-14.33-32-32-32z\"><\/path><\/svg><\/span>\n\t\t<\/span>\n\n\t\t\t\t\t\t<\/summary>\n\t\t\t\t<div role=\"region\" aria-labelledby=\"e-n-accordion-item-2032\" class=\"elementor-element elementor-element-36a2eff e-con-full e-flex e-con e-child\" data-id=\"36a2eff\" data-element_type=\"container\">\n\t\t\t\t<div class=\"elementor-element elementor-element-ddf72e3 elementor-widget elementor-widget-text-editor\" data-id=\"ddf72e3\" data-element_type=\"widget\" data-widget_type=\"text-editor.default\">\n\t\t\t\t\t\t\t\t\tAls Versicherungsmakler arbeiten wir unabh\u00e4ngig und ausschlie\u00dflich im Interesse unserer Kunden. Im Gegensatz zu Versicherungsvertretern sind wir an keine Versicherungsgesellschaft und deren Angebote gebunden. Daraus erfolgen folgende Vorteile f\u00fcr Sie: \n<ul><br>\n \t<li><strong>Keine Bindung an Versicherungsgesellschaften\n<\/strong><\/li>\n \t<li><strong>Keine Bindung an bestimmte Produkte\n<\/strong><\/li>\n \t<li><strong>Ausschlie\u00dfliche Verwaltung Ihrer Interessen<\/strong><\/li>\n<\/ul> <br>\nWir k\u00f6nnen uns bei jedem Versicherer in Deutschland um Ihren Versicherungsschutz bem\u00fchen. F\u00fcr unsere Mandanten k\u00f6nnen wir so immer ein optimal abgestimmtes und ausgewogenes Angebot erstellen. Ob verschiedene Versicherungen bei einem Anbieter oder bei mehreren abgeschlossen werden, spielt dabei keine Rolle.\n\nDurch jahrelange Erfahrung und die Wahrung unserer Unabh\u00e4ngigkeit k\u00f6nnen wir Ihnen diesen ausgezeichneten Service bieten.\t\t\t\t\t\t\t\t<\/div>\n\t\t\t\t<\/div>\n\t\t\t\t\t<\/details>\n\t\t\t\t\t<\/div>\n\t\t\t\t\t\t<\/div>\n\t\t\t\t\t<\/div>\n\t\t\t\t<\/div>\n\t\t\t\t\t<\/div>\n\t\t\t\t<\/div>\n\t\t\t\t<\/div>\n\t\t","protected":false},"excerpt":{"rendered":"<p>Ihre Vorteile Umfangreiche Unterst\u00fctzung aus einer Hand Als Versicherungsmakler sind wir ausschlie\u00dflich unseren Kunden verpflichtet.\u00a0 Wir agieren als dessen \u201ctreuh\u00e4nderischer Sachverwalter\u201d. Wir sind verpflichtet, unsere Kunden bestm\u00f6glich zu beraten und sind f\u00fcr die Folgen auch verantwortlich. So entsteht eine wirkliche Partnerschaft zwischen Beratern und Kunden. Verlassen Sie sich auf uns und k\u00fcmmern Sie sich um [&hellip;]<\/p>\n","protected":false},"author":1,"featured_media":0,"parent":0,"menu_order":0,"comment_status":"closed","ping_status":"closed","template":"","meta":{"footnotes":""},"class_list":["post-772","page","type-page","status-publish","hentry"],"_links":{"self":[{"href":"https:\/\/142912.webtonia.cloud\/index.php\/wp-json\/wp\/v2\/pages\/772","targetHints":{"allow":["GET"]}}],"collection":[{"href":"https:\/\/142912.webtonia.cloud\/index.php\/wp-json\/wp\/v2\/pages"}],"about":[{"href":"https:\/\/142912.webtonia.cloud\/index.php\/wp-json\/wp\/v2\/types\/page"}],"author":[{"embeddable":true,"href":"https:\/\/142912.webtonia.cloud\/index.php\/wp-json\/wp\/v2\/users\/1"}],"replies":[{"embeddable":true,"href":"https:\/\/142912.webtonia.cloud\/index.php\/wp-json\/wp\/v2\/comments?post=772"}],"version-history":[{"count":28,"href":"https:\/\/142912.webtonia.cloud\/index.php\/wp-json\/wp\/v2\/pages\/772\/revisions"}],"predecessor-version":[{"id":1980,"href":"https:\/\/142912.webtonia.cloud\/index.php\/wp-json\/wp\/v2\/pages\/772\/revisions\/1980"}],"wp:attachment":[{"href":"https:\/\/142912.webtonia.cloud\/index.php\/wp-json\/wp\/v2\/media?parent=772"}],"curies":[{"name":"wp","href":"https:\/\/api.w.org\/{rel}","templated":true}]}}