{"id":708,"date":"2025-08-12T14:49:47","date_gmt":"2025-08-12T12:49:47","guid":{"rendered":"https:\/\/142912.webtonia.cloud\/?page_id=708"},"modified":"2025-08-22T10:53:49","modified_gmt":"2025-08-22T08:53:49","slug":"unfallschutz","status":"publish","type":"page","link":"https:\/\/142912.webtonia.cloud\/index.php\/unfallschutz\/","title":{"rendered":"Unfallschutz"},"content":{"rendered":"\t\t<div data-elementor-type=\"wp-page\" data-elementor-id=\"708\" class=\"elementor elementor-708\" data-elementor-settings=\"{&quot;element_pack_global_tooltip_width&quot;:{&quot;unit&quot;:&quot;px&quot;,&quot;size&quot;:&quot;&quot;,&quot;sizes&quot;:[]},&quot;element_pack_global_tooltip_width_tablet&quot;:{&quot;unit&quot;:&quot;px&quot;,&quot;size&quot;:&quot;&quot;,&quot;sizes&quot;:[]},&quot;element_pack_global_tooltip_width_mobile&quot;:{&quot;unit&quot;:&quot;px&quot;,&quot;size&quot;:&quot;&quot;,&quot;sizes&quot;:[]},&quot;element_pack_global_tooltip_padding&quot;:{&quot;unit&quot;:&quot;px&quot;,&quot;top&quot;:&quot;&quot;,&quot;right&quot;:&quot;&quot;,&quot;bottom&quot;:&quot;&quot;,&quot;left&quot;:&quot;&quot;,&quot;isLinked&quot;:true},&quot;element_pack_global_tooltip_padding_tablet&quot;:{&quot;unit&quot;:&quot;px&quot;,&quot;top&quot;:&quot;&quot;,&quot;right&quot;:&quot;&quot;,&quot;bottom&quot;:&quot;&quot;,&quot;left&quot;:&quot;&quot;,&quot;isLinked&quot;:true},&quot;element_pack_global_tooltip_padding_mobile&quot;:{&quot;unit&quot;:&quot;px&quot;,&quot;top&quot;:&quot;&quot;,&quot;right&quot;:&quot;&quot;,&quot;bottom&quot;:&quot;&quot;,&quot;left&quot;:&quot;&quot;,&quot;isLinked&quot;:true},&quot;element_pack_global_tooltip_border_radius&quot;:{&quot;unit&quot;:&quot;px&quot;,&quot;top&quot;:&quot;&quot;,&quot;right&quot;:&quot;&quot;,&quot;bottom&quot;:&quot;&quot;,&quot;left&quot;:&quot;&quot;,&quot;isLinked&quot;:true},&quot;element_pack_global_tooltip_border_radius_tablet&quot;:{&quot;unit&quot;:&quot;px&quot;,&quot;top&quot;:&quot;&quot;,&quot;right&quot;:&quot;&quot;,&quot;bottom&quot;:&quot;&quot;,&quot;left&quot;:&quot;&quot;,&quot;isLinked&quot;:true},&quot;element_pack_global_tooltip_border_radius_mobile&quot;:{&quot;unit&quot;:&quot;px&quot;,&quot;top&quot;:&quot;&quot;,&quot;right&quot;:&quot;&quot;,&quot;bottom&quot;:&quot;&quot;,&quot;left&quot;:&quot;&quot;,&quot;isLinked&quot;:true}}\" data-elementor-post-type=\"page\">\n\t\t\t\t<div class=\"elementor-element elementor-element-655f799 e-flex e-con-boxed e-con e-parent\" data-id=\"655f799\" data-element_type=\"container\" data-settings=\"{&quot;background_background&quot;:&quot;classic&quot;}\">\n\t\t\t\t\t<div class=\"e-con-inner\">\n\t\t\t\t<div class=\"elementor-element elementor-element-9f3e2f3 elementor-widget__width-inherit elementor-widget elementor-widget-heading\" data-id=\"9f3e2f3\" data-element_type=\"widget\" data-widget_type=\"heading.default\">\n\t\t\t\t\t<h1 class=\"elementor-heading-title elementor-size-default\">Unfallschutz<\/h1>\t\t\t\t<\/div>\n\t\t\t\t\t<\/div>\n\t\t\t\t<\/div>\n\t\t<div class=\"elementor-element elementor-element-840b99d e-flex e-con-boxed e-con e-parent\" data-id=\"840b99d\" data-element_type=\"container\">\n\t\t\t\t\t<div class=\"e-con-inner\">\n\t\t\t\t<div class=\"elementor-element elementor-element-00264fb elementor-widget elementor-widget-heading\" data-id=\"00264fb\" data-element_type=\"widget\" data-widget_type=\"heading.default\">\n\t\t\t\t\t<h2 class=\"elementor-heading-title elementor-size-default\">Oft sind l\u00e4ngere Aufenthalte im Krankenhaus oder Invalidit\u00e4t die Folge von Unf\u00e4llen. Sichern Sie sich daher gegen die finanziellen Risiken eines Unfalls ab.<\/h2>\t\t\t\t<\/div>\n\t\t\t\t\t<\/div>\n\t\t\t\t<\/div>\n\t\t<div class=\"elementor-element elementor-element-96823d2 e-flex e-con-boxed e-con e-parent\" data-id=\"96823d2\" data-element_type=\"container\">\n\t\t\t\t\t<div class=\"e-con-inner\">\n\t\t<div class=\"elementor-element elementor-element-c3403aa e-con-full e-flex e-con e-child\" data-id=\"c3403aa\" data-element_type=\"container\">\n\t\t<div class=\"elementor-element elementor-element-852381a e-con-full e-flex e-con e-child\" data-id=\"852381a\" data-element_type=\"container\">\n\t\t\t\t<div class=\"elementor-element elementor-element-c200e50 elementor-widget elementor-widget-image\" data-id=\"c200e50\" data-element_type=\"widget\" data-widget_type=\"image.default\">\n\t\t\t\t\t\t\t\t\t\t\t\t\t\t\t<img fetchpriority=\"high\" decoding=\"async\" width=\"800\" height=\"534\" src=\"https:\/\/142912.webtonia.cloud\/wp-content\/uploads\/2025\/08\/abstrakte-innovative-ideendarstellung-1024x684.jpg\" class=\"attachment-large size-large wp-image-478\" alt=\"\" srcset=\"https:\/\/142912.webtonia.cloud\/wp-content\/uploads\/2025\/08\/abstrakte-innovative-ideendarstellung-1024x684.jpg 1024w, https:\/\/142912.webtonia.cloud\/wp-content\/uploads\/2025\/08\/abstrakte-innovative-ideendarstellung-300x200.jpg 300w, https:\/\/142912.webtonia.cloud\/wp-content\/uploads\/2025\/08\/abstrakte-innovative-ideendarstellung-768x513.jpg 768w, https:\/\/142912.webtonia.cloud\/wp-content\/uploads\/2025\/08\/abstrakte-innovative-ideendarstellung-1536x1025.jpg 1536w, https:\/\/142912.webtonia.cloud\/wp-content\/uploads\/2025\/08\/abstrakte-innovative-ideendarstellung-2048x1367.jpg 2048w\" sizes=\"(max-width: 800px) 100vw, 800px\" \/>\t\t\t\t\t\t\t\t\t\t\t\t\t\t\t<\/div>\n\t\t\t\t<\/div>\n\t\t<div class=\"elementor-element elementor-element-64d0484 e-con-full e-flex e-con e-child\" data-id=\"64d0484\" data-element_type=\"container\">\n\t\t\t\t<div class=\"elementor-element elementor-element-dfcd0af elementor-widget elementor-widget-heading\" data-id=\"dfcd0af\" data-element_type=\"widget\" data-widget_type=\"heading.default\">\n\t\t\t\t\t<h2 class=\"elementor-heading-title elementor-size-default\">Ihre Vorteile:<\/h2>\t\t\t\t<\/div>\n\t\t\t\t<div class=\"elementor-element elementor-element-c78046f elementor-icon-list--layout-traditional elementor-list-item-link-full_width elementor-widget elementor-widget-icon-list\" data-id=\"c78046f\" data-element_type=\"widget\" data-widget_type=\"icon-list.default\">\n\t\t\t\t\t\t\t<ul class=\"elementor-icon-list-items\">\n\t\t\t\t\t\t\t<li class=\"elementor-icon-list-item\">\n\t\t\t\t\t\t\t\t\t\t\t<span class=\"elementor-icon-list-icon\">\n\t\t\t\t\t\t\t<svg aria-hidden=\"true\" class=\"e-font-icon-svg e-fas-check\" viewBox=\"0 0 512 512\" xmlns=\"http:\/\/www.w3.org\/2000\/svg\"><path d=\"M173.898 439.404l-166.4-166.4c-9.997-9.997-9.997-26.206 0-36.204l36.203-36.204c9.997-9.998 26.207-9.998 36.204 0L192 312.69 432.095 72.596c9.997-9.997 26.207-9.997 36.204 0l36.203 36.204c9.997 9.997 9.997 26.206 0 36.204l-294.4 294.401c-9.998 9.997-26.207 9.997-36.204-.001z\"><\/path><\/svg>\t\t\t\t\t\t<\/span>\n\t\t\t\t\t\t\t\t\t\t<span class=\"elementor-icon-list-text\">Finanzielle Absicherung bei Unf\u00e4llen<\/span>\n\t\t\t\t\t\t\t\t\t<\/li>\n\t\t\t\t\t\t\t\t<li class=\"elementor-icon-list-item\">\n\t\t\t\t\t\t\t\t\t\t\t<span class=\"elementor-icon-list-icon\">\n\t\t\t\t\t\t\t<svg aria-hidden=\"true\" class=\"e-font-icon-svg e-fas-check\" viewBox=\"0 0 512 512\" xmlns=\"http:\/\/www.w3.org\/2000\/svg\"><path d=\"M173.898 439.404l-166.4-166.4c-9.997-9.997-9.997-26.206 0-36.204l36.203-36.204c9.997-9.998 26.207-9.998 36.204 0L192 312.69 432.095 72.596c9.997-9.997 26.207-9.997 36.204 0l36.203 36.204c9.997 9.997 9.997 26.206 0 36.204l-294.4 294.401c-9.998 9.997-26.207 9.997-36.204-.001z\"><\/path><\/svg>\t\t\t\t\t\t<\/span>\n\t\t\t\t\t\t\t\t\t\t<span class=\"elementor-icon-list-text\">Sicherheit vor unerwarteten Folgen<\/span>\n\t\t\t\t\t\t\t\t\t<\/li>\n\t\t\t\t\t\t<\/ul>\n\t\t\t\t\t\t<\/div>\n\t\t<div class=\"elementor-element elementor-element-c95feff e-con-full e-flex e-con e-child\" data-id=\"c95feff\" data-element_type=\"container\">\n\t\t\t\t<div class=\"elementor-element elementor-element-6d3322e elementor-mobile-align-justify elementor-widget-mobile__width-inherit elementor-widget elementor-widget-button\" data-id=\"6d3322e\" data-element_type=\"widget\" data-widget_type=\"button.default\">\n\t\t\t\t\t\t\t\t\t\t<a class=\"elementor-button elementor-button-link elementor-size-sm\" href=\"https:\/\/142912.webtonia.cloud\/index.php\/beratungstermin-vereinbaren\/\">\n\t\t\t\t\t\t<span class=\"elementor-button-content-wrapper\">\n\t\t\t\t\t\t<span class=\"elementor-button-icon\">\n\t\t\t\t<svg aria-hidden=\"true\" class=\"e-font-icon-svg e-fas-long-arrow-alt-right\" viewBox=\"0 0 448 512\" xmlns=\"http:\/\/www.w3.org\/2000\/svg\"><path d=\"M313.941 216H12c-6.627 0-12 5.373-12 12v56c0 6.627 5.373 12 12 12h301.941v46.059c0 21.382 25.851 32.09 40.971 16.971l86.059-86.059c9.373-9.373 9.373-24.569 0-33.941l-86.059-86.059c-15.119-15.119-40.971-4.411-40.971 16.971V216z\"><\/path><\/svg>\t\t\t<\/span>\n\t\t\t\t\t\t\t\t\t<span class=\"elementor-button-text\">Kontaktieren Sie uns jetzt<\/span>\n\t\t\t\t\t<\/span>\n\t\t\t\t\t<\/a>\n\t\t\t\t\t\t\t\t<\/div>\n\t\t\t\t<\/div>\n\t\t\t\t<\/div>\n\t\t\t\t<\/div>\n\t\t\t\t\t<\/div>\n\t\t\t\t<\/div>\n\t\t<div class=\"elementor-element elementor-element-505bc0e e-flex e-con-boxed e-con e-parent\" data-id=\"505bc0e\" data-element_type=\"container\">\n\t\t\t\t\t<div class=\"e-con-inner\">\n\t\t<div class=\"elementor-element elementor-element-e988572 e-flex e-con-boxed e-con e-child\" data-id=\"e988572\" data-element_type=\"container\">\n\t\t\t\t\t<div class=\"e-con-inner\">\n\t\t\t\t<div class=\"elementor-element elementor-element-d1789cd elementor-widget__width-inherit elementor-widget elementor-widget-n-accordion\" data-id=\"d1789cd\" data-element_type=\"widget\" data-settings=\"{&quot;default_state&quot;:&quot;all_collapsed&quot;,&quot;n_accordion_animation_duration&quot;:{&quot;unit&quot;:&quot;ms&quot;,&quot;size&quot;:300,&quot;sizes&quot;:[]},&quot;max_items_expended&quot;:&quot;one&quot;}\" data-widget_type=\"nested-accordion.default\">\n\t\t\t\t\t\t\t<div class=\"e-n-accordion\" aria-label=\"Accordion. Open links with Enter or Space, close with Escape, and navigate with Arrow Keys\">\n\t\t\t\t\t\t<details id=\"e-n-accordion-item-2190\" class=\"e-n-accordion-item\" >\n\t\t\t\t<summary class=\"e-n-accordion-item-title\" data-accordion-index=\"1\" tabindex=\"0\" aria-expanded=\"false\" aria-controls=\"e-n-accordion-item-2190\" >\n\t\t\t\t\t<span class='e-n-accordion-item-title-header'><h3 class=\"e-n-accordion-item-title-text\"> Wozu brauche ich eine private Unfallversicherung? <\/h3><\/span>\n\t\t\t\t\t\t\t<span class='e-n-accordion-item-title-icon'>\n\t\t\t<span class='e-opened' ><svg aria-hidden=\"true\" class=\"e-font-icon-svg e-fas-minus\" viewBox=\"0 0 448 512\" xmlns=\"http:\/\/www.w3.org\/2000\/svg\"><path d=\"M416 208H32c-17.67 0-32 14.33-32 32v32c0 17.67 14.33 32 32 32h384c17.67 0 32-14.33 32-32v-32c0-17.67-14.33-32-32-32z\"><\/path><\/svg><\/span>\n\t\t\t<span class='e-closed'><svg aria-hidden=\"true\" class=\"e-font-icon-svg e-fas-plus\" viewBox=\"0 0 448 512\" xmlns=\"http:\/\/www.w3.org\/2000\/svg\"><path d=\"M416 208H272V64c0-17.67-14.33-32-32-32h-32c-17.67 0-32 14.33-32 32v144H32c-17.67 0-32 14.33-32 32v32c0 17.67 14.33 32 32 32h144v144c0 17.67 14.33 32 32 32h32c17.67 0 32-14.33 32-32V304h144c17.67 0 32-14.33 32-32v-32c0-17.67-14.33-32-32-32z\"><\/path><\/svg><\/span>\n\t\t<\/span>\n\n\t\t\t\t\t\t<\/summary>\n\t\t\t\t<div role=\"region\" aria-labelledby=\"e-n-accordion-item-2190\" class=\"elementor-element elementor-element-31c35e1 e-con-full e-flex e-con e-child\" data-id=\"31c35e1\" data-element_type=\"container\">\n\t\t\t\t<div class=\"elementor-element elementor-element-2bba239 elementor-widget elementor-widget-text-editor\" data-id=\"2bba239\" data-element_type=\"widget\" data-widget_type=\"text-editor.default\">\n\t\t\t\t\t\t\t\t\t<p>Viele Unf\u00e4llen endet gl\u00fccklicherweise ohne bleibende Gesundheitssch\u00e4den. Dennoch kann es passieren, dass Betroffene sich schwer verletzen und k\u00f6nnen dann ihren Beruf und ihre Freizeitgewohnheiten nicht mehr aus\u00fcben. Die meisten Unf\u00e4lle ereignen sich nach wie vor in der Freizeit, in der kein Versicherungsschutz durch die gesetzliche Unfallversicherung besteht.<\/p><p>Die private Unfallversicherung kann diese L\u00fccke schlie\u00dfen und die entstehenden Einb\u00fc\u00dfen beim Einkommen ausgleichen.<\/p>\t\t\t\t\t\t\t\t<\/div>\n\t\t\t\t<\/div>\n\t\t\t\t\t<\/details>\n\t\t\t\t\t\t<details id=\"e-n-accordion-item-2191\" class=\"e-n-accordion-item\" >\n\t\t\t\t<summary class=\"e-n-accordion-item-title\" data-accordion-index=\"2\" tabindex=\"-1\" aria-expanded=\"false\" aria-controls=\"e-n-accordion-item-2191\" >\n\t\t\t\t\t<span class='e-n-accordion-item-title-header'><h3 class=\"e-n-accordion-item-title-text\"> Was ist ein Unfall? <\/h3><\/span>\n\t\t\t\t\t\t\t<span class='e-n-accordion-item-title-icon'>\n\t\t\t<span class='e-opened' ><svg aria-hidden=\"true\" class=\"e-font-icon-svg e-fas-minus\" viewBox=\"0 0 448 512\" xmlns=\"http:\/\/www.w3.org\/2000\/svg\"><path d=\"M416 208H32c-17.67 0-32 14.33-32 32v32c0 17.67 14.33 32 32 32h384c17.67 0 32-14.33 32-32v-32c0-17.67-14.33-32-32-32z\"><\/path><\/svg><\/span>\n\t\t\t<span class='e-closed'><svg aria-hidden=\"true\" class=\"e-font-icon-svg e-fas-plus\" viewBox=\"0 0 448 512\" xmlns=\"http:\/\/www.w3.org\/2000\/svg\"><path d=\"M416 208H272V64c0-17.67-14.33-32-32-32h-32c-17.67 0-32 14.33-32 32v144H32c-17.67 0-32 14.33-32 32v32c0 17.67 14.33 32 32 32h144v144c0 17.67 14.33 32 32 32h32c17.67 0 32-14.33 32-32V304h144c17.67 0 32-14.33 32-32v-32c0-17.67-14.33-32-32-32z\"><\/path><\/svg><\/span>\n\t\t<\/span>\n\n\t\t\t\t\t\t<\/summary>\n\t\t\t\t<div role=\"region\" aria-labelledby=\"e-n-accordion-item-2191\" class=\"elementor-element elementor-element-68bcc0e e-con-full e-flex e-con e-child\" data-id=\"68bcc0e\" data-element_type=\"container\">\n\t\t\t\t<div class=\"elementor-element elementor-element-c96cc11 elementor-widget elementor-widget-text-editor\" data-id=\"c96cc11\" data-element_type=\"widget\" data-widget_type=\"text-editor.default\">\n\t\t\t\t\t\t\t\t\t<p>Damit ein Unfall auch f\u00fcr die Versicherung als Unfall gilt, m\u00fcssen einige Voraussetzungen erf\u00fcllt sein. Nur dann wird von den Versicherern eine entsprechende finanzielle Entsch\u00e4digung geleistet.<\/p><p>Das bedeutet:<\/p><ul><li>Ein Unfall muss pl\u00f6tzlich passieren.<\/li><li>Ein Unfall ist nicht beabsichtigt.<\/li><li>Ein Unfall ist ein von au\u00dfen einwirkendes Ereignis.<\/li><li>Die Sch\u00e4digung durch den Unfall stellt eine direkte Beeintr\u00e4chtigung der Gesundheit dar.<\/li><\/ul>\t\t\t\t\t\t\t\t<\/div>\n\t\t\t\t<\/div>\n\t\t\t\t\t<\/details>\n\t\t\t\t\t\t<details id=\"e-n-accordion-item-2192\" class=\"e-n-accordion-item\" >\n\t\t\t\t<summary class=\"e-n-accordion-item-title\" data-accordion-index=\"3\" tabindex=\"-1\" aria-expanded=\"false\" aria-controls=\"e-n-accordion-item-2192\" >\n\t\t\t\t\t<span class='e-n-accordion-item-title-header'><h3 class=\"e-n-accordion-item-title-text\"> Wer kann eine privaten Unfallversicherung abschlie\u00dfen? <\/h3><\/span>\n\t\t\t\t\t\t\t<span class='e-n-accordion-item-title-icon'>\n\t\t\t<span class='e-opened' ><svg aria-hidden=\"true\" class=\"e-font-icon-svg e-fas-minus\" viewBox=\"0 0 448 512\" xmlns=\"http:\/\/www.w3.org\/2000\/svg\"><path d=\"M416 208H32c-17.67 0-32 14.33-32 32v32c0 17.67 14.33 32 32 32h384c17.67 0 32-14.33 32-32v-32c0-17.67-14.33-32-32-32z\"><\/path><\/svg><\/span>\n\t\t\t<span class='e-closed'><svg aria-hidden=\"true\" class=\"e-font-icon-svg e-fas-plus\" viewBox=\"0 0 448 512\" xmlns=\"http:\/\/www.w3.org\/2000\/svg\"><path d=\"M416 208H272V64c0-17.67-14.33-32-32-32h-32c-17.67 0-32 14.33-32 32v144H32c-17.67 0-32 14.33-32 32v32c0 17.67 14.33 32 32 32h144v144c0 17.67 14.33 32 32 32h32c17.67 0 32-14.33 32-32V304h144c17.67 0 32-14.33 32-32v-32c0-17.67-14.33-32-32-32z\"><\/path><\/svg><\/span>\n\t\t<\/span>\n\n\t\t\t\t\t\t<\/summary>\n\t\t\t\t<div role=\"region\" aria-labelledby=\"e-n-accordion-item-2192\" class=\"elementor-element elementor-element-9446f06 e-con-full e-flex e-con e-child\" data-id=\"9446f06\" data-element_type=\"container\">\n\t\t\t\t<div class=\"elementor-element elementor-element-1f81508 elementor-widget elementor-widget-text-editor\" data-id=\"1f81508\" data-element_type=\"widget\" data-widget_type=\"text-editor.default\">\n\t\t\t\t\t\t\t\t\t<p>Jede Person kann direkt ab der Geburt versichert werden. Personen aller Altersgruppen k\u00f6nnen sich vor den finanziellen Einbu\u00dfen durch einen Unfall sch\u00fctzen. Da alle Menschen gewissen Gefahren ausgesetzt sind und einen Unfall erleiden k\u00f6nnen, k\u00f6nnen sich nahezu alle Personen versichern.<\/p>\t\t\t\t\t\t\t\t<\/div>\n\t\t\t\t<\/div>\n\t\t\t\t\t<\/details>\n\t\t\t\t\t\t<details id=\"e-n-accordion-item-2193\" class=\"e-n-accordion-item\" >\n\t\t\t\t<summary class=\"e-n-accordion-item-title\" data-accordion-index=\"4\" tabindex=\"-1\" aria-expanded=\"false\" aria-controls=\"e-n-accordion-item-2193\" >\n\t\t\t\t\t<span class='e-n-accordion-item-title-header'><h3 class=\"e-n-accordion-item-title-text\"> Wann und wo gilt die Unfallversicherung? <\/h3><\/span>\n\t\t\t\t\t\t\t<span class='e-n-accordion-item-title-icon'>\n\t\t\t<span class='e-opened' ><svg aria-hidden=\"true\" class=\"e-font-icon-svg e-fas-minus\" viewBox=\"0 0 448 512\" xmlns=\"http:\/\/www.w3.org\/2000\/svg\"><path d=\"M416 208H32c-17.67 0-32 14.33-32 32v32c0 17.67 14.33 32 32 32h384c17.67 0 32-14.33 32-32v-32c0-17.67-14.33-32-32-32z\"><\/path><\/svg><\/span>\n\t\t\t<span class='e-closed'><svg aria-hidden=\"true\" class=\"e-font-icon-svg e-fas-plus\" viewBox=\"0 0 448 512\" xmlns=\"http:\/\/www.w3.org\/2000\/svg\"><path d=\"M416 208H272V64c0-17.67-14.33-32-32-32h-32c-17.67 0-32 14.33-32 32v144H32c-17.67 0-32 14.33-32 32v32c0 17.67 14.33 32 32 32h144v144c0 17.67 14.33 32 32 32h32c17.67 0 32-14.33 32-32V304h144c17.67 0 32-14.33 32-32v-32c0-17.67-14.33-32-32-32z\"><\/path><\/svg><\/span>\n\t\t<\/span>\n\n\t\t\t\t\t\t<\/summary>\n\t\t\t\t<div role=\"region\" aria-labelledby=\"e-n-accordion-item-2193\" class=\"elementor-element elementor-element-4edfa38 e-con-full e-flex e-con e-child\" data-id=\"4edfa38\" data-element_type=\"container\">\n\t\t\t\t<div class=\"elementor-element elementor-element-22d38ae elementor-widget elementor-widget-text-editor\" data-id=\"22d38ae\" data-element_type=\"widget\" data-widget_type=\"text-editor.default\">\n\t\t\t\t\t\t\t\t\t<p>Die private Unfallversicherung gilt in den meisten F\u00e4llen weltweit und rund um die Uhr. Unf\u00e4lle in der Freizeit werden ebenso erfasst, wie Unf\u00e4lle w\u00e4hrend der Arbeitszeit.<\/p>\t\t\t\t\t\t\t\t<\/div>\n\t\t\t\t<\/div>\n\t\t\t\t\t<\/details>\n\t\t\t\t\t\t<details id=\"e-n-accordion-item-2194\" class=\"e-n-accordion-item\" >\n\t\t\t\t<summary class=\"e-n-accordion-item-title\" data-accordion-index=\"5\" tabindex=\"-1\" aria-expanded=\"false\" aria-controls=\"e-n-accordion-item-2194\" >\n\t\t\t\t\t<span class='e-n-accordion-item-title-header'><h3 class=\"e-n-accordion-item-title-text\"> Welche Leistungen bietet eine Unfallversicherung? <\/h3><\/span>\n\t\t\t\t\t\t\t<span class='e-n-accordion-item-title-icon'>\n\t\t\t<span class='e-opened' ><svg aria-hidden=\"true\" class=\"e-font-icon-svg e-fas-minus\" viewBox=\"0 0 448 512\" xmlns=\"http:\/\/www.w3.org\/2000\/svg\"><path d=\"M416 208H32c-17.67 0-32 14.33-32 32v32c0 17.67 14.33 32 32 32h384c17.67 0 32-14.33 32-32v-32c0-17.67-14.33-32-32-32z\"><\/path><\/svg><\/span>\n\t\t\t<span class='e-closed'><svg aria-hidden=\"true\" class=\"e-font-icon-svg e-fas-plus\" viewBox=\"0 0 448 512\" xmlns=\"http:\/\/www.w3.org\/2000\/svg\"><path d=\"M416 208H272V64c0-17.67-14.33-32-32-32h-32c-17.67 0-32 14.33-32 32v144H32c-17.67 0-32 14.33-32 32v32c0 17.67 14.33 32 32 32h144v144c0 17.67 14.33 32 32 32h32c17.67 0 32-14.33 32-32V304h144c17.67 0 32-14.33 32-32v-32c0-17.67-14.33-32-32-32z\"><\/path><\/svg><\/span>\n\t\t<\/span>\n\n\t\t\t\t\t\t<\/summary>\n\t\t\t\t<div role=\"region\" aria-labelledby=\"e-n-accordion-item-2194\" class=\"elementor-element elementor-element-ebe5210 e-con-full e-flex e-con e-child\" data-id=\"ebe5210\" data-element_type=\"container\">\n\t\t\t\t<div class=\"elementor-element elementor-element-cbd4560 elementor-widget elementor-widget-text-editor\" data-id=\"cbd4560\" data-element_type=\"widget\" data-widget_type=\"text-editor.default\">\n\t\t\t\t\t\t\t\t\t<p>Der zentrale Bestandteil einer Privaten Unfallversicherung ist die Invalidit\u00e4tsleistung. Diese ist immer eingeschlossen. Doch es gibt noch weitere individuelle Leistungen:<\/p><ul><li>Todesfall<\/li><li>Tagegeld<\/li><li>Krankenhaustagegeld<\/li><li>Genesungsgeld<\/li><li>\u00dcbergangsgeld<\/li><li>Bergungskosten<\/li><li>Kosmetische Operationskosten<\/li><\/ul>\t\t\t\t\t\t\t\t<\/div>\n\t\t\t\t<\/div>\n\t\t\t\t\t<\/details>\n\t\t\t\t\t\t<details id=\"e-n-accordion-item-2195\" class=\"e-n-accordion-item\" >\n\t\t\t\t<summary class=\"e-n-accordion-item-title\" data-accordion-index=\"6\" tabindex=\"-1\" aria-expanded=\"false\" aria-controls=\"e-n-accordion-item-2195\" >\n\t\t\t\t\t<span class='e-n-accordion-item-title-header'><h3 class=\"e-n-accordion-item-title-text\"> Was ist nicht versichert? <\/h3><\/span>\n\t\t\t\t\t\t\t<span class='e-n-accordion-item-title-icon'>\n\t\t\t<span class='e-opened' ><svg aria-hidden=\"true\" class=\"e-font-icon-svg e-fas-minus\" viewBox=\"0 0 448 512\" xmlns=\"http:\/\/www.w3.org\/2000\/svg\"><path d=\"M416 208H32c-17.67 0-32 14.33-32 32v32c0 17.67 14.33 32 32 32h384c17.67 0 32-14.33 32-32v-32c0-17.67-14.33-32-32-32z\"><\/path><\/svg><\/span>\n\t\t\t<span class='e-closed'><svg aria-hidden=\"true\" class=\"e-font-icon-svg e-fas-plus\" viewBox=\"0 0 448 512\" xmlns=\"http:\/\/www.w3.org\/2000\/svg\"><path d=\"M416 208H272V64c0-17.67-14.33-32-32-32h-32c-17.67 0-32 14.33-32 32v144H32c-17.67 0-32 14.33-32 32v32c0 17.67 14.33 32 32 32h144v144c0 17.67 14.33 32 32 32h32c17.67 0 32-14.33 32-32V304h144c17.67 0 32-14.33 32-32v-32c0-17.67-14.33-32-32-32z\"><\/path><\/svg><\/span>\n\t\t<\/span>\n\n\t\t\t\t\t\t<\/summary>\n\t\t\t\t<div role=\"region\" aria-labelledby=\"e-n-accordion-item-2195\" class=\"elementor-element elementor-element-4a1482d e-con-full e-flex e-con e-child\" data-id=\"4a1482d\" data-element_type=\"container\">\n\t\t\t\t<div class=\"elementor-element elementor-element-8959701 elementor-widget elementor-widget-text-editor\" data-id=\"8959701\" data-element_type=\"widget\" data-widget_type=\"text-editor.default\">\n\t\t\t\t\t\t\t\t\t<ul><li>Unf\u00e4lle, die dem Versicherten w\u00e4hrend der Ausf\u00fchrung einer Straftat oder beim Versuch einer Straftat zusto\u00dfen.<\/li><li>Unf\u00e4lle, die sich unmittelbar oder mittelbar durch Kriegs- oder B\u00fcrgerkriegsereignisse ereignen. Dasselbe gilt bei Unf\u00e4llen durch innere Unruhen, sofern der Versicherte auf Seiten der Unruhestifter steht.<\/li><li>Unf\u00e4lle, welche aufgrund von Bewusstseinsst\u00f6rungen passieren. Hierzu k\u00f6nnen z.B. epileptische Anf\u00e4lle, aber auch Trunkenheit geh\u00f6ren.<\/li><li>Unf\u00e4lle, die sich bei Rennveranstaltungen ereignen, bei denen es auf die Erzielung von H\u00f6chstgeschwindigkeiten ankommt.<\/li><li>Unf\u00e4lle, bei den der Versicherte als Luftfahrzeugf\u00fchrer agiert oder beruflich ein Luftfahrzeug nutzt<\/li><li>Gesundheitssch\u00e4den durch Strahlen (z.B. R\u00f6ntgenstrahlen) sind oftmals nicht versichert.<\/li><li>Gesundheitssch\u00e4den, welche durch Eingriffe oder Ma\u00dfnahmen entstehen, die von der versicherte Person selbst oder im Auftrag an ihrem K\u00f6rper vorgenommen werden<\/li><\/ul>\t\t\t\t\t\t\t\t<\/div>\n\t\t\t\t<\/div>\n\t\t\t\t\t<\/details>\n\t\t\t\t\t<\/div>\n\t\t\t\t\t\t<\/div>\n\t\t\t\t\t<\/div>\n\t\t\t\t<\/div>\n\t\t\t\t\t<\/div>\n\t\t\t\t<\/div>\n\t\t\t\t<\/div>\n\t\t","protected":false},"excerpt":{"rendered":"<p>Unfallschutz Oft sind l\u00e4ngere Aufenthalte im Krankenhaus oder Invalidit\u00e4t die Folge von Unf\u00e4llen. Sichern Sie sich daher gegen die finanziellen Risiken eines Unfalls ab. Ihre Vorteile: Finanzielle Absicherung bei Unf\u00e4llen Sicherheit vor unerwarteten Folgen Kontaktieren Sie uns jetzt Wozu brauche ich eine private Unfallversicherung? Viele Unf\u00e4llen endet gl\u00fccklicherweise ohne bleibende Gesundheitssch\u00e4den. Dennoch kann es passieren, [&hellip;]<\/p>\n","protected":false},"author":1,"featured_media":0,"parent":0,"menu_order":0,"comment_status":"closed","ping_status":"closed","template":"","meta":{"footnotes":""},"class_list":["post-708","page","type-page","status-publish","hentry"],"_links":{"self":[{"href":"https:\/\/142912.webtonia.cloud\/index.php\/wp-json\/wp\/v2\/pages\/708","targetHints":{"allow":["GET"]}}],"collection":[{"href":"https:\/\/142912.webtonia.cloud\/index.php\/wp-json\/wp\/v2\/pages"}],"about":[{"href":"https:\/\/142912.webtonia.cloud\/index.php\/wp-json\/wp\/v2\/types\/page"}],"author":[{"embeddable":true,"href":"https:\/\/142912.webtonia.cloud\/index.php\/wp-json\/wp\/v2\/users\/1"}],"replies":[{"embeddable":true,"href":"https:\/\/142912.webtonia.cloud\/index.php\/wp-json\/wp\/v2\/comments?post=708"}],"version-history":[{"count":25,"href":"https:\/\/142912.webtonia.cloud\/index.php\/wp-json\/wp\/v2\/pages\/708\/revisions"}],"predecessor-version":[{"id":2143,"href":"https:\/\/142912.webtonia.cloud\/index.php\/wp-json\/wp\/v2\/pages\/708\/revisions\/2143"}],"wp:attachment":[{"href":"https:\/\/142912.webtonia.cloud\/index.php\/wp-json\/wp\/v2\/media?parent=708"}],"curies":[{"name":"wp","href":"https:\/\/api.w.org\/{rel}","templated":true}]}}