{"id":605,"date":"2025-08-12T12:17:43","date_gmt":"2025-08-12T10:17:43","guid":{"rendered":"https:\/\/142912.webtonia.cloud\/?page_id=605"},"modified":"2025-08-22T10:07:24","modified_gmt":"2025-08-22T08:07:24","slug":"photovoltaik","status":"publish","type":"page","link":"https:\/\/142912.webtonia.cloud\/index.php\/photovoltaik\/","title":{"rendered":"Photovoltaik"},"content":{"rendered":"\t\t<div data-elementor-type=\"wp-page\" data-elementor-id=\"605\" class=\"elementor elementor-605\" data-elementor-settings=\"{&quot;element_pack_global_tooltip_width&quot;:{&quot;unit&quot;:&quot;px&quot;,&quot;size&quot;:&quot;&quot;,&quot;sizes&quot;:[]},&quot;element_pack_global_tooltip_width_tablet&quot;:{&quot;unit&quot;:&quot;px&quot;,&quot;size&quot;:&quot;&quot;,&quot;sizes&quot;:[]},&quot;element_pack_global_tooltip_width_mobile&quot;:{&quot;unit&quot;:&quot;px&quot;,&quot;size&quot;:&quot;&quot;,&quot;sizes&quot;:[]},&quot;element_pack_global_tooltip_padding&quot;:{&quot;unit&quot;:&quot;px&quot;,&quot;top&quot;:&quot;&quot;,&quot;right&quot;:&quot;&quot;,&quot;bottom&quot;:&quot;&quot;,&quot;left&quot;:&quot;&quot;,&quot;isLinked&quot;:true},&quot;element_pack_global_tooltip_padding_tablet&quot;:{&quot;unit&quot;:&quot;px&quot;,&quot;top&quot;:&quot;&quot;,&quot;right&quot;:&quot;&quot;,&quot;bottom&quot;:&quot;&quot;,&quot;left&quot;:&quot;&quot;,&quot;isLinked&quot;:true},&quot;element_pack_global_tooltip_padding_mobile&quot;:{&quot;unit&quot;:&quot;px&quot;,&quot;top&quot;:&quot;&quot;,&quot;right&quot;:&quot;&quot;,&quot;bottom&quot;:&quot;&quot;,&quot;left&quot;:&quot;&quot;,&quot;isLinked&quot;:true},&quot;element_pack_global_tooltip_border_radius&quot;:{&quot;unit&quot;:&quot;px&quot;,&quot;top&quot;:&quot;&quot;,&quot;right&quot;:&quot;&quot;,&quot;bottom&quot;:&quot;&quot;,&quot;left&quot;:&quot;&quot;,&quot;isLinked&quot;:true},&quot;element_pack_global_tooltip_border_radius_tablet&quot;:{&quot;unit&quot;:&quot;px&quot;,&quot;top&quot;:&quot;&quot;,&quot;right&quot;:&quot;&quot;,&quot;bottom&quot;:&quot;&quot;,&quot;left&quot;:&quot;&quot;,&quot;isLinked&quot;:true},&quot;element_pack_global_tooltip_border_radius_mobile&quot;:{&quot;unit&quot;:&quot;px&quot;,&quot;top&quot;:&quot;&quot;,&quot;right&quot;:&quot;&quot;,&quot;bottom&quot;:&quot;&quot;,&quot;left&quot;:&quot;&quot;,&quot;isLinked&quot;:true}}\" data-elementor-post-type=\"page\">\n\t\t\t\t<div class=\"elementor-element elementor-element-d53bc34 e-flex e-con-boxed e-con e-parent\" data-id=\"d53bc34\" data-element_type=\"container\" data-settings=\"{&quot;background_background&quot;:&quot;classic&quot;}\">\n\t\t\t\t\t<div class=\"e-con-inner\">\n\t\t\t\t<div class=\"elementor-element elementor-element-e352677 elementor-widget__width-inherit elementor-widget elementor-widget-heading\" data-id=\"e352677\" data-element_type=\"widget\" data-widget_type=\"heading.default\">\n\t\t\t\t\t<h1 class=\"elementor-heading-title elementor-size-default\">Photovoltaik<\/h1>\t\t\t\t<\/div>\n\t\t\t\t\t<\/div>\n\t\t\t\t<\/div>\n\t\t<div class=\"elementor-element elementor-element-8c3afa6 e-flex e-con-boxed e-con e-parent\" data-id=\"8c3afa6\" data-element_type=\"container\">\n\t\t\t\t\t<div class=\"e-con-inner\">\n\t\t<div class=\"elementor-element elementor-element-4440a3c e-con-full e-flex e-con e-child\" data-id=\"4440a3c\" data-element_type=\"container\">\n\t\t<div class=\"elementor-element elementor-element-ae4a805 e-con-full e-flex e-con e-child\" data-id=\"ae4a805\" data-element_type=\"container\">\n\t\t\t\t<div class=\"elementor-element elementor-element-814200d elementor-widget elementor-widget-heading\" data-id=\"814200d\" data-element_type=\"widget\" data-widget_type=\"heading.default\">\n\t\t\t\t\t<h2 class=\"elementor-heading-title elementor-size-default\">Ihre Photovoltaikanlage sch\u00fctzt die Umwelt  \u2013 <br>\ndie Versicherung sch\u00fctzt Ihre Photovoltaikanlage<\/h2>\t\t\t\t<\/div>\n\t\t\t\t<div class=\"elementor-element elementor-element-e917738 elementor-widget elementor-widget-text-editor\" data-id=\"e917738\" data-element_type=\"widget\" data-widget_type=\"text-editor.default\">\n\t\t\t\t\t\t\t\t\t<p>Vor dem Hintergrund steigender Energiepreise gewinnt Solarenergie immer mehr an Bedeutung. Sie als Betreiber profitieren zus\u00e4tzlich durch die vom Staat im Rahmen des Erneuerbare-Energien-Gesetzes (EEG) gef\u00f6rderten Verg\u00fctungen f\u00fcr einen Zeitraum von 20 Jahren.<\/p><p>In Zeiten des Klimawandels nimmt die Zahl an extremen Natur- und Wetterereignissen stark zu. Damit Ihre Photovoltaikanlage auch gegen solche und weitere unvorhergesehen eintretende Sch\u00e4den gut gesch\u00fctzt ist, gibt es die Photovoltaikversicherung. Denn nur ein dauerhaft st\u00f6rungsfreier Betrieb Ihrer Anlage sorgt f\u00fcr h\u00f6chsten Energieertrag und optimalen Klimaschutz.<\/p><p>Mit der Photovoltaikversicherung bekommen Sie ein umfassendes und besonders leistungsstarkes Produkt zur Absicherung Ihrer wertvollen Investition und profitieren zudem im Schadenfall von unserer jahrelangen Erfahrung in diesem Bereich.<\/p>\t\t\t\t\t\t\t\t<\/div>\n\t\t\t\t<\/div>\n\t\t\t\t<\/div>\n\t\t\t\t\t<\/div>\n\t\t\t\t<\/div>\n\t\t<div class=\"elementor-element elementor-element-06f7081 e-flex e-con-boxed e-con e-parent\" data-id=\"06f7081\" data-element_type=\"container\">\n\t\t\t\t\t<div class=\"e-con-inner\">\n\t\t<div class=\"elementor-element elementor-element-1f07c8d e-flex e-con-boxed e-con e-child\" data-id=\"1f07c8d\" data-element_type=\"container\">\n\t\t\t\t\t<div class=\"e-con-inner\">\n\t\t\t\t<div class=\"elementor-element elementor-element-36ee1a5 elementor-widget__width-inherit elementor-widget elementor-widget-n-accordion\" data-id=\"36ee1a5\" data-element_type=\"widget\" data-settings=\"{&quot;default_state&quot;:&quot;all_collapsed&quot;,&quot;n_accordion_animation_duration&quot;:{&quot;unit&quot;:&quot;ms&quot;,&quot;size&quot;:300,&quot;sizes&quot;:[]},&quot;max_items_expended&quot;:&quot;one&quot;}\" data-widget_type=\"nested-accordion.default\">\n\t\t\t\t\t\t\t<div class=\"e-n-accordion\" aria-label=\"Accordion. Open links with Enter or Space, close with Escape, and navigate with Arrow Keys\">\n\t\t\t\t\t\t<details id=\"e-n-accordion-item-5750\" class=\"e-n-accordion-item\" >\n\t\t\t\t<summary class=\"e-n-accordion-item-title\" data-accordion-index=\"1\" tabindex=\"0\" aria-expanded=\"false\" aria-controls=\"e-n-accordion-item-5750\" >\n\t\t\t\t\t<span class='e-n-accordion-item-title-header'><h3 class=\"e-n-accordion-item-title-text\"> Was ist versichert? <\/h3><\/span>\n\t\t\t\t\t\t\t<span class='e-n-accordion-item-title-icon'>\n\t\t\t<span class='e-opened' ><svg aria-hidden=\"true\" class=\"e-font-icon-svg e-fas-minus\" viewBox=\"0 0 448 512\" xmlns=\"http:\/\/www.w3.org\/2000\/svg\"><path d=\"M416 208H32c-17.67 0-32 14.33-32 32v32c0 17.67 14.33 32 32 32h384c17.67 0 32-14.33 32-32v-32c0-17.67-14.33-32-32-32z\"><\/path><\/svg><\/span>\n\t\t\t<span class='e-closed'><svg aria-hidden=\"true\" class=\"e-font-icon-svg e-fas-plus\" viewBox=\"0 0 448 512\" xmlns=\"http:\/\/www.w3.org\/2000\/svg\"><path d=\"M416 208H272V64c0-17.67-14.33-32-32-32h-32c-17.67 0-32 14.33-32 32v144H32c-17.67 0-32 14.33-32 32v32c0 17.67 14.33 32 32 32h144v144c0 17.67 14.33 32 32 32h32c17.67 0 32-14.33 32-32V304h144c17.67 0 32-14.33 32-32v-32c0-17.67-14.33-32-32-32z\"><\/path><\/svg><\/span>\n\t\t<\/span>\n\n\t\t\t\t\t\t<\/summary>\n\t\t\t\t<div role=\"region\" aria-labelledby=\"e-n-accordion-item-5750\" class=\"elementor-element elementor-element-5758a6f e-con-full e-flex e-con e-child\" data-id=\"5758a6f\" data-element_type=\"container\">\n\t\t\t\t<div class=\"elementor-element elementor-element-f3eab52 elementor-widget elementor-widget-text-editor\" data-id=\"f3eab52\" data-element_type=\"widget\" data-widget_type=\"text-editor.default\">\n\t\t\t\t\t\t\t\t\t<p>Versichert sind alle Teile, die zu einer Photovoltaikanlage geh\u00f6ren, z. B. Solarmodule inkl. Tragkonstruktion und Montage- bzw. Verbindungssets, Wechselrichter, Laderegler und Energiespeicher- systeme (z. B. Akkumulatoren oder Batteriespeicher) Einspeise- und Erzeugungsz\u00e4hler, Gleich- und<br \/>Wechselstromverkabelungen, \u00dcberwachungskomponenten und \u00dcberspannungsschutzeinrichtungen<\/p><p>Der richtige Versicherungsschutz \u2013 Solarstromanlagen leisten ihren Beitrag zum Klimaschutz nur dann, wenn sie reibungslos und ohne St\u00f6rungen funktionieren. Ihre Anlage ist w\u00e4hrend ihrer gesamten Lebensdauer zahlreichen und immer wiederkehrenden Gefahren ausgesetzt. Davor sollten Sie sich sch\u00fctzen.<\/p>\t\t\t\t\t\t\t\t<\/div>\n\t\t\t\t<\/div>\n\t\t\t\t\t<\/details>\n\t\t\t\t\t\t<details id=\"e-n-accordion-item-5751\" class=\"e-n-accordion-item\" >\n\t\t\t\t<summary class=\"e-n-accordion-item-title\" data-accordion-index=\"2\" tabindex=\"-1\" aria-expanded=\"false\" aria-controls=\"e-n-accordion-item-5751\" >\n\t\t\t\t\t<span class='e-n-accordion-item-title-header'><h3 class=\"e-n-accordion-item-title-text\"> Haftungsrisiko <\/h3><\/span>\n\t\t\t\t\t\t\t<span class='e-n-accordion-item-title-icon'>\n\t\t\t<span class='e-opened' ><svg aria-hidden=\"true\" class=\"e-font-icon-svg e-fas-minus\" viewBox=\"0 0 448 512\" xmlns=\"http:\/\/www.w3.org\/2000\/svg\"><path d=\"M416 208H32c-17.67 0-32 14.33-32 32v32c0 17.67 14.33 32 32 32h384c17.67 0 32-14.33 32-32v-32c0-17.67-14.33-32-32-32z\"><\/path><\/svg><\/span>\n\t\t\t<span class='e-closed'><svg aria-hidden=\"true\" class=\"e-font-icon-svg e-fas-plus\" viewBox=\"0 0 448 512\" xmlns=\"http:\/\/www.w3.org\/2000\/svg\"><path d=\"M416 208H272V64c0-17.67-14.33-32-32-32h-32c-17.67 0-32 14.33-32 32v144H32c-17.67 0-32 14.33-32 32v32c0 17.67 14.33 32 32 32h144v144c0 17.67 14.33 32 32 32h32c17.67 0 32-14.33 32-32V304h144c17.67 0 32-14.33 32-32v-32c0-17.67-14.33-32-32-32z\"><\/path><\/svg><\/span>\n\t\t<\/span>\n\n\t\t\t\t\t\t<\/summary>\n\t\t\t\t<div role=\"region\" aria-labelledby=\"e-n-accordion-item-5751\" class=\"elementor-element elementor-element-49f3e1d e-con-full e-flex e-con e-child\" data-id=\"49f3e1d\" data-element_type=\"container\">\n\t\t\t\t<div class=\"elementor-element elementor-element-d84d94c elementor-widget elementor-widget-text-editor\" data-id=\"d84d94c\" data-element_type=\"widget\" data-widget_type=\"text-editor.default\">\n\t\t\t\t\t\t\t\t\t<p>F\u00fcr den Gesetzgeber stellt die Einspeisung in das \u00f6ffentliche<br \/>Stromnetz eine unternehmerische T\u00e4tigkeit dar. Ihre Solarstromanlage ist daher nicht mehr automatisch \u00fcber Ihre Privat- oder Haus- und Grundbesitzer-Haftpflichtversicherung versichert. Als Betreiber haften Sie f\u00fcr Sch\u00e4den, die von Ihrer Anlage auf Dritte ausgehen.<\/p>\t\t\t\t\t\t\t\t<\/div>\n\t\t\t\t<\/div>\n\t\t\t\t\t<\/details>\n\t\t\t\t\t\t<details id=\"e-n-accordion-item-5752\" class=\"e-n-accordion-item\" >\n\t\t\t\t<summary class=\"e-n-accordion-item-title\" data-accordion-index=\"3\" tabindex=\"-1\" aria-expanded=\"false\" aria-controls=\"e-n-accordion-item-5752\" >\n\t\t\t\t\t<span class='e-n-accordion-item-title-header'><h3 class=\"e-n-accordion-item-title-text\"> Stellen Sie daher sicher, dass \u2026 <\/h3><\/span>\n\t\t\t\t\t\t\t<span class='e-n-accordion-item-title-icon'>\n\t\t\t<span class='e-opened' ><svg aria-hidden=\"true\" class=\"e-font-icon-svg e-fas-minus\" viewBox=\"0 0 448 512\" xmlns=\"http:\/\/www.w3.org\/2000\/svg\"><path d=\"M416 208H32c-17.67 0-32 14.33-32 32v32c0 17.67 14.33 32 32 32h384c17.67 0 32-14.33 32-32v-32c0-17.67-14.33-32-32-32z\"><\/path><\/svg><\/span>\n\t\t\t<span class='e-closed'><svg aria-hidden=\"true\" class=\"e-font-icon-svg e-fas-plus\" viewBox=\"0 0 448 512\" xmlns=\"http:\/\/www.w3.org\/2000\/svg\"><path d=\"M416 208H272V64c0-17.67-14.33-32-32-32h-32c-17.67 0-32 14.33-32 32v144H32c-17.67 0-32 14.33-32 32v32c0 17.67 14.33 32 32 32h144v144c0 17.67 14.33 32 32 32h32c17.67 0 32-14.33 32-32V304h144c17.67 0 32-14.33 32-32v-32c0-17.67-14.33-32-32-32z\"><\/path><\/svg><\/span>\n\t\t<\/span>\n\n\t\t\t\t\t\t<\/summary>\n\t\t\t\t<div role=\"region\" aria-labelledby=\"e-n-accordion-item-5752\" class=\"elementor-element elementor-element-63ef0fe e-con-full e-flex e-con e-child\" data-id=\"63ef0fe\" data-element_type=\"container\">\n\t\t\t\t<div class=\"elementor-element elementor-element-98abf24 elementor-widget elementor-widget-text-editor\" data-id=\"98abf24\" data-element_type=\"widget\" data-widget_type=\"text-editor.default\">\n\t\t\t\t\t\t\t\t\t<p>die Baustelle ausreichend abgesichert ist eine defekte Anlage niemanden gef\u00e4hrdet, beispielsweise aufgrund eines elektrischen Schlags keine Anlagenteile herabst\u00fcrzen keine fremden Geb\u00e4udeteile besch\u00e4digt werden beim Einleiten von Strom in das Netz des Energieversorgers keine St\u00f6rungen entstehen und<br \/>die Umwelt nicht gesch\u00e4digt wird.<\/p><p>Vernachl\u00e4ssigen Sie diese Pflichten, k\u00f6nnen hohe Schadensersatzforderungen auf Sie zukommen.<\/p>\t\t\t\t\t\t\t\t<\/div>\n\t\t\t\t<\/div>\n\t\t\t\t\t<\/details>\n\t\t\t\t\t\t<details id=\"e-n-accordion-item-5753\" class=\"e-n-accordion-item\" >\n\t\t\t\t<summary class=\"e-n-accordion-item-title\" data-accordion-index=\"4\" tabindex=\"-1\" aria-expanded=\"false\" aria-controls=\"e-n-accordion-item-5753\" >\n\t\t\t\t\t<span class='e-n-accordion-item-title-header'><h3 class=\"e-n-accordion-item-title-text\"> Sachschadenrisiko <\/h3><\/span>\n\t\t\t\t\t\t\t<span class='e-n-accordion-item-title-icon'>\n\t\t\t<span class='e-opened' ><svg aria-hidden=\"true\" class=\"e-font-icon-svg e-fas-minus\" viewBox=\"0 0 448 512\" xmlns=\"http:\/\/www.w3.org\/2000\/svg\"><path d=\"M416 208H32c-17.67 0-32 14.33-32 32v32c0 17.67 14.33 32 32 32h384c17.67 0 32-14.33 32-32v-32c0-17.67-14.33-32-32-32z\"><\/path><\/svg><\/span>\n\t\t\t<span class='e-closed'><svg aria-hidden=\"true\" class=\"e-font-icon-svg e-fas-plus\" viewBox=\"0 0 448 512\" xmlns=\"http:\/\/www.w3.org\/2000\/svg\"><path d=\"M416 208H272V64c0-17.67-14.33-32-32-32h-32c-17.67 0-32 14.33-32 32v144H32c-17.67 0-32 14.33-32 32v32c0 17.67 14.33 32 32 32h144v144c0 17.67 14.33 32 32 32h32c17.67 0 32-14.33 32-32V304h144c17.67 0 32-14.33 32-32v-32c0-17.67-14.33-32-32-32z\"><\/path><\/svg><\/span>\n\t\t<\/span>\n\n\t\t\t\t\t\t<\/summary>\n\t\t\t\t<div role=\"region\" aria-labelledby=\"e-n-accordion-item-5753\" class=\"elementor-element elementor-element-4916b16 e-con-full e-flex e-con e-child\" data-id=\"4916b16\" data-element_type=\"container\">\n\t\t\t\t<div class=\"elementor-element elementor-element-0af1c3b elementor-widget elementor-widget-text-editor\" data-id=\"0af1c3b\" data-element_type=\"widget\" data-widget_type=\"text-editor.default\">\n\t\t\t\t\t\t\t\t\t<p>Solarstromanlagen sind recht widerstandsf\u00e4hig und arbeiten \u00e4u\u00dferst zuverl\u00e4ssig. Dennoch kommt es immer wieder zu Sch\u00e4den.<br \/>Der gr\u00f6\u00dfte Teil der Sch\u00e4den ist auf Feuer, Sturm, \u00dcberspannung und Schneedruck zur\u00fcckzuf\u00fchren.<\/p>\t\t\t\t\t\t\t\t<\/div>\n\t\t\t\t<\/div>\n\t\t\t\t\t<\/details>\n\t\t\t\t\t\t<details id=\"e-n-accordion-item-5754\" class=\"e-n-accordion-item\" >\n\t\t\t\t<summary class=\"e-n-accordion-item-title\" data-accordion-index=\"5\" tabindex=\"-1\" aria-expanded=\"false\" aria-controls=\"e-n-accordion-item-5754\" >\n\t\t\t\t\t<span class='e-n-accordion-item-title-header'><h3 class=\"e-n-accordion-item-title-text\"> Ertragsausfallrisiko <\/h3><\/span>\n\t\t\t\t\t\t\t<span class='e-n-accordion-item-title-icon'>\n\t\t\t<span class='e-opened' ><svg aria-hidden=\"true\" class=\"e-font-icon-svg e-fas-minus\" viewBox=\"0 0 448 512\" xmlns=\"http:\/\/www.w3.org\/2000\/svg\"><path d=\"M416 208H32c-17.67 0-32 14.33-32 32v32c0 17.67 14.33 32 32 32h384c17.67 0 32-14.33 32-32v-32c0-17.67-14.33-32-32-32z\"><\/path><\/svg><\/span>\n\t\t\t<span class='e-closed'><svg aria-hidden=\"true\" class=\"e-font-icon-svg e-fas-plus\" viewBox=\"0 0 448 512\" xmlns=\"http:\/\/www.w3.org\/2000\/svg\"><path d=\"M416 208H272V64c0-17.67-14.33-32-32-32h-32c-17.67 0-32 14.33-32 32v144H32c-17.67 0-32 14.33-32 32v32c0 17.67 14.33 32 32 32h144v144c0 17.67 14.33 32 32 32h32c17.67 0 32-14.33 32-32V304h144c17.67 0 32-14.33 32-32v-32c0-17.67-14.33-32-32-32z\"><\/path><\/svg><\/span>\n\t\t<\/span>\n\n\t\t\t\t\t\t<\/summary>\n\t\t\t\t<div role=\"region\" aria-labelledby=\"e-n-accordion-item-5754\" class=\"elementor-element elementor-element-01503a8 e-con-full e-flex e-con e-child\" data-id=\"01503a8\" data-element_type=\"container\">\n\t\t\t\t<div class=\"elementor-element elementor-element-46aa829 elementor-widget elementor-widget-text-editor\" data-id=\"46aa829\" data-element_type=\"widget\" data-widget_type=\"text-editor.default\">\n\t\t\t\t\t\t\t\t\t<p>Ihr klimafreundliches Engagement bringt Ihnen auch finanzielle Vorteile: Da Sie mit Ihrer Solarstromanlage Sonnenenergie in das \u00f6ffentliche Stromnetz einspeisen, profitieren Sie von einer staatlichen F\u00f6rderung.<\/p><p>Ein technischer Defekt oder ein kleiner Sachschaden kann schnell dazu f\u00fchren, dass kein Strom mehr eingespeist wird. In diesen F\u00e4llen m\u00fcssen Sie mit finanziellen Belastungen rechnen. Hierzu kann es leicht kommen, beispielsweise weil Sie die Anlage \u00fcber einen Kredit finanzieren.<\/p>\t\t\t\t\t\t\t\t<\/div>\n\t\t\t\t<\/div>\n\t\t\t\t\t<\/details>\n\t\t\t\t\t<\/div>\n\t\t\t\t\t\t<\/div>\n\t\t\t\t\t<\/div>\n\t\t\t\t<\/div>\n\t\t\t\t\t<\/div>\n\t\t\t\t<\/div>\n\t\t\t\t<\/div>\n\t\t","protected":false},"excerpt":{"rendered":"<p>Photovoltaik Ihre Photovoltaikanlage sch\u00fctzt die Umwelt \u2013 die Versicherung sch\u00fctzt Ihre Photovoltaikanlage Vor dem Hintergrund steigender Energiepreise gewinnt Solarenergie immer mehr an Bedeutung. Sie als Betreiber profitieren zus\u00e4tzlich durch die vom Staat im Rahmen des Erneuerbare-Energien-Gesetzes (EEG) gef\u00f6rderten Verg\u00fctungen f\u00fcr einen Zeitraum von 20 Jahren. In Zeiten des Klimawandels nimmt die Zahl an extremen Natur- [&hellip;]<\/p>\n","protected":false},"author":1,"featured_media":0,"parent":0,"menu_order":0,"comment_status":"closed","ping_status":"closed","template":"","meta":{"footnotes":""},"class_list":["post-605","page","type-page","status-publish","hentry"],"_links":{"self":[{"href":"https:\/\/142912.webtonia.cloud\/index.php\/wp-json\/wp\/v2\/pages\/605","targetHints":{"allow":["GET"]}}],"collection":[{"href":"https:\/\/142912.webtonia.cloud\/index.php\/wp-json\/wp\/v2\/pages"}],"about":[{"href":"https:\/\/142912.webtonia.cloud\/index.php\/wp-json\/wp\/v2\/types\/page"}],"author":[{"embeddable":true,"href":"https:\/\/142912.webtonia.cloud\/index.php\/wp-json\/wp\/v2\/users\/1"}],"replies":[{"embeddable":true,"href":"https:\/\/142912.webtonia.cloud\/index.php\/wp-json\/wp\/v2\/comments?post=605"}],"version-history":[{"count":25,"href":"https:\/\/142912.webtonia.cloud\/index.php\/wp-json\/wp\/v2\/pages\/605\/revisions"}],"predecessor-version":[{"id":2060,"href":"https:\/\/142912.webtonia.cloud\/index.php\/wp-json\/wp\/v2\/pages\/605\/revisions\/2060"}],"wp:attachment":[{"href":"https:\/\/142912.webtonia.cloud\/index.php\/wp-json\/wp\/v2\/media?parent=605"}],"curies":[{"name":"wp","href":"https:\/\/api.w.org\/{rel}","templated":true}]}}