{"id":366,"date":"2025-08-12T09:27:32","date_gmt":"2025-08-12T07:27:32","guid":{"rendered":"https:\/\/142912.webtonia.cloud\/?page_id=366"},"modified":"2025-08-22T10:16:50","modified_gmt":"2025-08-22T08:16:50","slug":"tierhalterhaftpflicht","status":"publish","type":"page","link":"https:\/\/142912.webtonia.cloud\/index.php\/tierhalterhaftpflicht\/","title":{"rendered":"Tierhalterhaftpflicht"},"content":{"rendered":"\t\t<div data-elementor-type=\"wp-page\" data-elementor-id=\"366\" class=\"elementor elementor-366\" data-elementor-settings=\"{&quot;element_pack_global_tooltip_width&quot;:{&quot;unit&quot;:&quot;px&quot;,&quot;size&quot;:&quot;&quot;,&quot;sizes&quot;:[]},&quot;element_pack_global_tooltip_width_tablet&quot;:{&quot;unit&quot;:&quot;px&quot;,&quot;size&quot;:&quot;&quot;,&quot;sizes&quot;:[]},&quot;element_pack_global_tooltip_width_mobile&quot;:{&quot;unit&quot;:&quot;px&quot;,&quot;size&quot;:&quot;&quot;,&quot;sizes&quot;:[]},&quot;element_pack_global_tooltip_padding&quot;:{&quot;unit&quot;:&quot;px&quot;,&quot;top&quot;:&quot;&quot;,&quot;right&quot;:&quot;&quot;,&quot;bottom&quot;:&quot;&quot;,&quot;left&quot;:&quot;&quot;,&quot;isLinked&quot;:true},&quot;element_pack_global_tooltip_padding_tablet&quot;:{&quot;unit&quot;:&quot;px&quot;,&quot;top&quot;:&quot;&quot;,&quot;right&quot;:&quot;&quot;,&quot;bottom&quot;:&quot;&quot;,&quot;left&quot;:&quot;&quot;,&quot;isLinked&quot;:true},&quot;element_pack_global_tooltip_padding_mobile&quot;:{&quot;unit&quot;:&quot;px&quot;,&quot;top&quot;:&quot;&quot;,&quot;right&quot;:&quot;&quot;,&quot;bottom&quot;:&quot;&quot;,&quot;left&quot;:&quot;&quot;,&quot;isLinked&quot;:true},&quot;element_pack_global_tooltip_border_radius&quot;:{&quot;unit&quot;:&quot;px&quot;,&quot;top&quot;:&quot;&quot;,&quot;right&quot;:&quot;&quot;,&quot;bottom&quot;:&quot;&quot;,&quot;left&quot;:&quot;&quot;,&quot;isLinked&quot;:true},&quot;element_pack_global_tooltip_border_radius_tablet&quot;:{&quot;unit&quot;:&quot;px&quot;,&quot;top&quot;:&quot;&quot;,&quot;right&quot;:&quot;&quot;,&quot;bottom&quot;:&quot;&quot;,&quot;left&quot;:&quot;&quot;,&quot;isLinked&quot;:true},&quot;element_pack_global_tooltip_border_radius_mobile&quot;:{&quot;unit&quot;:&quot;px&quot;,&quot;top&quot;:&quot;&quot;,&quot;right&quot;:&quot;&quot;,&quot;bottom&quot;:&quot;&quot;,&quot;left&quot;:&quot;&quot;,&quot;isLinked&quot;:true}}\" data-elementor-post-type=\"page\">\n\t\t\t\t<div class=\"elementor-element elementor-element-4fb4695 e-flex e-con-boxed e-con e-parent\" data-id=\"4fb4695\" data-element_type=\"container\" data-settings=\"{&quot;background_background&quot;:&quot;classic&quot;}\">\n\t\t\t\t\t<div class=\"e-con-inner\">\n\t\t\t\t<div class=\"elementor-element elementor-element-f8be1cc elementor-widget__width-inherit elementor-widget elementor-widget-heading\" data-id=\"f8be1cc\" data-element_type=\"widget\" data-widget_type=\"heading.default\">\n\t\t\t\t\t<h1 class=\"elementor-heading-title elementor-size-default\">Tierhalterhaftpflicht<\/h1>\t\t\t\t<\/div>\n\t\t\t\t\t<\/div>\n\t\t\t\t<\/div>\n\t\t<div class=\"elementor-element elementor-element-f965973 e-flex e-con-boxed e-con e-parent\" data-id=\"f965973\" data-element_type=\"container\">\n\t\t\t\t\t<div class=\"e-con-inner\">\n\t\t\t\t<div class=\"elementor-element elementor-element-73e4304 elementor-widget elementor-widget-heading\" data-id=\"73e4304\" data-element_type=\"widget\" data-widget_type=\"heading.default\">\n\t\t\t\t\t<h2 class=\"elementor-heading-title elementor-size-default\">Als Halter eines Tieres haften Sie f\u00fcr Sch\u00e4den, die das Tier verursacht, auch wenn Sie selbst keine Schuld trifft. Allein die Tatsache, dass Sie dieses Tier besitzen gen\u00fcgt, damit Sie haftbar gemacht werden k\u00f6nnen. Dies f\u00e4llt unter den Bestand der Gef\u00e4hrdungshaftung.<\/h2>\t\t\t\t<\/div>\n\t\t\t\t\t<\/div>\n\t\t\t\t<\/div>\n\t\t<div class=\"elementor-element elementor-element-c7c79e7 e-flex e-con-boxed e-con e-parent\" data-id=\"c7c79e7\" data-element_type=\"container\">\n\t\t\t\t\t<div class=\"e-con-inner\">\n\t\t<div class=\"elementor-element elementor-element-d6f16ff e-con-full e-flex e-con e-child\" data-id=\"d6f16ff\" data-element_type=\"container\">\n\t\t\t\t<div class=\"elementor-element elementor-element-29a719e elementor-widget__width-initial elementor-widget elementor-widget-image\" data-id=\"29a719e\" data-element_type=\"widget\" data-widget_type=\"image.default\">\n\t\t\t\t\t\t\t\t\t\t\t\t\t\t\t<img fetchpriority=\"high\" decoding=\"async\" width=\"2560\" height=\"1920\" src=\"https:\/\/142912.webtonia.cloud\/wp-content\/uploads\/2025\/08\/close-up-portrat-eines-hundes-scaled.jpg\" class=\"attachment-full size-full wp-image-428\" alt=\"\" srcset=\"https:\/\/142912.webtonia.cloud\/wp-content\/uploads\/2025\/08\/close-up-portrat-eines-hundes-scaled.jpg 2560w, https:\/\/142912.webtonia.cloud\/wp-content\/uploads\/2025\/08\/close-up-portrat-eines-hundes-300x225.jpg 300w, https:\/\/142912.webtonia.cloud\/wp-content\/uploads\/2025\/08\/close-up-portrat-eines-hundes-1024x768.jpg 1024w, https:\/\/142912.webtonia.cloud\/wp-content\/uploads\/2025\/08\/close-up-portrat-eines-hundes-768x576.jpg 768w, https:\/\/142912.webtonia.cloud\/wp-content\/uploads\/2025\/08\/close-up-portrat-eines-hundes-1536x1152.jpg 1536w, https:\/\/142912.webtonia.cloud\/wp-content\/uploads\/2025\/08\/close-up-portrat-eines-hundes-2048x1536.jpg 2048w\" sizes=\"(max-width: 2560px) 100vw, 2560px\" \/>\t\t\t\t\t\t\t\t\t\t\t\t\t\t\t<\/div>\n\t\t<div class=\"elementor-element elementor-element-fb0ba92 e-con-full e-flex e-con e-child\" data-id=\"fb0ba92\" data-element_type=\"container\">\n\t\t\t\t<div class=\"elementor-element elementor-element-ca6eacf elementor-widget elementor-widget-heading\" data-id=\"ca6eacf\" data-element_type=\"widget\" data-widget_type=\"heading.default\">\n\t\t\t\t\t<h2 class=\"elementor-heading-title elementor-size-default\">Hundehaftpflichtversicherung vergleichen:<\/h2>\t\t\t\t<\/div>\n\t\t<div class=\"elementor-element elementor-element-25c5095 e-con-full e-flex e-con e-child\" data-id=\"25c5095\" data-element_type=\"container\">\n\t\t\t\t<div class=\"elementor-element elementor-element-bc68870 elementor-mobile-align-justify elementor-widget-mobile__width-inherit elementor-widget elementor-widget-button\" data-id=\"bc68870\" data-element_type=\"widget\" data-widget_type=\"button.default\">\n\t\t\t\t\t\t\t\t\t\t<a class=\"elementor-button elementor-button-link elementor-size-sm\" href=\"https:\/\/142912.webtonia.cloud\/index.php\/beratungstermin-vereinbaren\/\">\n\t\t\t\t\t\t<span class=\"elementor-button-content-wrapper\">\n\t\t\t\t\t\t<span class=\"elementor-button-icon\">\n\t\t\t\t<svg aria-hidden=\"true\" class=\"e-font-icon-svg e-fas-long-arrow-alt-right\" viewBox=\"0 0 448 512\" xmlns=\"http:\/\/www.w3.org\/2000\/svg\"><path d=\"M313.941 216H12c-6.627 0-12 5.373-12 12v56c0 6.627 5.373 12 12 12h301.941v46.059c0 21.382 25.851 32.09 40.971 16.971l86.059-86.059c9.373-9.373 9.373-24.569 0-33.941l-86.059-86.059c-15.119-15.119-40.971-4.411-40.971 16.971V216z\"><\/path><\/svg>\t\t\t<\/span>\n\t\t\t\t\t\t\t\t\t<span class=\"elementor-button-text\">Kontaktieren Sie uns jetzt<\/span>\n\t\t\t\t\t<\/span>\n\t\t\t\t\t<\/a>\n\t\t\t\t\t\t\t\t<\/div>\n\t\t\t\t<\/div>\n\t\t\t\t<\/div>\n\t\t\t\t<\/div>\n\t\t<div class=\"elementor-element elementor-element-4a6b49b e-con-full e-flex e-con e-child\" data-id=\"4a6b49b\" data-element_type=\"container\">\n\t\t\t\t<div class=\"elementor-element elementor-element-1579afd elementor-widget__width-initial elementor-widget elementor-widget-image\" data-id=\"1579afd\" data-element_type=\"widget\" data-widget_type=\"image.default\">\n\t\t\t\t\t\t\t\t\t\t\t\t\t\t\t<img decoding=\"async\" width=\"2560\" height=\"1871\" src=\"https:\/\/142912.webtonia.cloud\/wp-content\/uploads\/2025\/08\/nahaufnahme-eines-pferdes-gegen-den-himmel-1-scaled.jpg\" class=\"attachment-full size-full wp-image-439\" alt=\"\" srcset=\"https:\/\/142912.webtonia.cloud\/wp-content\/uploads\/2025\/08\/nahaufnahme-eines-pferdes-gegen-den-himmel-1-scaled.jpg 2560w, https:\/\/142912.webtonia.cloud\/wp-content\/uploads\/2025\/08\/nahaufnahme-eines-pferdes-gegen-den-himmel-1-300x219.jpg 300w, https:\/\/142912.webtonia.cloud\/wp-content\/uploads\/2025\/08\/nahaufnahme-eines-pferdes-gegen-den-himmel-1-1024x748.jpg 1024w, https:\/\/142912.webtonia.cloud\/wp-content\/uploads\/2025\/08\/nahaufnahme-eines-pferdes-gegen-den-himmel-1-768x561.jpg 768w, https:\/\/142912.webtonia.cloud\/wp-content\/uploads\/2025\/08\/nahaufnahme-eines-pferdes-gegen-den-himmel-1-1536x1123.jpg 1536w, https:\/\/142912.webtonia.cloud\/wp-content\/uploads\/2025\/08\/nahaufnahme-eines-pferdes-gegen-den-himmel-1-2048x1497.jpg 2048w\" sizes=\"(max-width: 2560px) 100vw, 2560px\" \/>\t\t\t\t\t\t\t\t\t\t\t\t\t\t\t<\/div>\n\t\t<div class=\"elementor-element elementor-element-281a84e e-con-full e-flex e-con e-child\" data-id=\"281a84e\" data-element_type=\"container\">\n\t\t\t\t<div class=\"elementor-element elementor-element-9939b54 elementor-widget elementor-widget-heading\" data-id=\"9939b54\" data-element_type=\"widget\" data-widget_type=\"heading.default\">\n\t\t\t\t\t<h2 class=\"elementor-heading-title elementor-size-default\">Pferdehaftpflichtversicherung vergleichen:<\/h2>\t\t\t\t<\/div>\n\t\t<div class=\"elementor-element elementor-element-71913df e-con-full e-flex e-con e-child\" data-id=\"71913df\" data-element_type=\"container\">\n\t\t\t\t<div class=\"elementor-element elementor-element-a570d62 elementor-mobile-align-justify elementor-widget-mobile__width-inherit elementor-widget elementor-widget-button\" data-id=\"a570d62\" data-element_type=\"widget\" data-widget_type=\"button.default\">\n\t\t\t\t\t\t\t\t\t\t<a class=\"elementor-button elementor-button-link elementor-size-sm\" href=\"https:\/\/142912.webtonia.cloud\/index.php\/beratungstermin-vereinbaren\/\">\n\t\t\t\t\t\t<span class=\"elementor-button-content-wrapper\">\n\t\t\t\t\t\t<span class=\"elementor-button-icon\">\n\t\t\t\t<svg aria-hidden=\"true\" class=\"e-font-icon-svg e-fas-long-arrow-alt-right\" viewBox=\"0 0 448 512\" xmlns=\"http:\/\/www.w3.org\/2000\/svg\"><path d=\"M313.941 216H12c-6.627 0-12 5.373-12 12v56c0 6.627 5.373 12 12 12h301.941v46.059c0 21.382 25.851 32.09 40.971 16.971l86.059-86.059c9.373-9.373 9.373-24.569 0-33.941l-86.059-86.059c-15.119-15.119-40.971-4.411-40.971 16.971V216z\"><\/path><\/svg>\t\t\t<\/span>\n\t\t\t\t\t\t\t\t\t<span class=\"elementor-button-text\">Kontaktieren Sie uns jetzt<\/span>\n\t\t\t\t\t<\/span>\n\t\t\t\t\t<\/a>\n\t\t\t\t\t\t\t\t<\/div>\n\t\t\t\t<\/div>\n\t\t\t\t<\/div>\n\t\t\t\t<\/div>\n\t\t\t\t\t<\/div>\n\t\t\t\t<\/div>\n\t\t<div class=\"elementor-element elementor-element-8473822 e-flex e-con-boxed e-con e-parent\" data-id=\"8473822\" data-element_type=\"container\">\n\t\t\t\t\t<div class=\"e-con-inner\">\n\t\t<div class=\"elementor-element elementor-element-1675fa4 e-flex e-con-boxed e-con e-child\" data-id=\"1675fa4\" data-element_type=\"container\">\n\t\t\t\t\t<div class=\"e-con-inner\">\n\t\t\t\t<div class=\"elementor-element elementor-element-4b676dc elementor-widget__width-inherit elementor-widget elementor-widget-n-accordion\" data-id=\"4b676dc\" data-element_type=\"widget\" data-settings=\"{&quot;default_state&quot;:&quot;all_collapsed&quot;,&quot;n_accordion_animation_duration&quot;:{&quot;unit&quot;:&quot;ms&quot;,&quot;size&quot;:300,&quot;sizes&quot;:[]},&quot;max_items_expended&quot;:&quot;one&quot;}\" data-widget_type=\"nested-accordion.default\">\n\t\t\t\t\t\t\t<div class=\"e-n-accordion\" aria-label=\"Accordion. Open links with Enter or Space, close with Escape, and navigate with Arrow Keys\">\n\t\t\t\t\t\t<details id=\"e-n-accordion-item-7900\" class=\"e-n-accordion-item\" >\n\t\t\t\t<summary class=\"e-n-accordion-item-title\" data-accordion-index=\"1\" tabindex=\"0\" aria-expanded=\"false\" aria-controls=\"e-n-accordion-item-7900\" >\n\t\t\t\t\t<span class='e-n-accordion-item-title-header'><h3 class=\"e-n-accordion-item-title-text\"> Wer braucht eine Tierhalterhaftpflichtversicherung? <\/h3><\/span>\n\t\t\t\t\t\t\t<span class='e-n-accordion-item-title-icon'>\n\t\t\t<span class='e-opened' ><svg aria-hidden=\"true\" class=\"e-font-icon-svg e-fas-minus\" viewBox=\"0 0 448 512\" xmlns=\"http:\/\/www.w3.org\/2000\/svg\"><path d=\"M416 208H32c-17.67 0-32 14.33-32 32v32c0 17.67 14.33 32 32 32h384c17.67 0 32-14.33 32-32v-32c0-17.67-14.33-32-32-32z\"><\/path><\/svg><\/span>\n\t\t\t<span class='e-closed'><svg aria-hidden=\"true\" class=\"e-font-icon-svg e-fas-plus\" viewBox=\"0 0 448 512\" xmlns=\"http:\/\/www.w3.org\/2000\/svg\"><path d=\"M416 208H272V64c0-17.67-14.33-32-32-32h-32c-17.67 0-32 14.33-32 32v144H32c-17.67 0-32 14.33-32 32v32c0 17.67 14.33 32 32 32h144v144c0 17.67 14.33 32 32 32h32c17.67 0 32-14.33 32-32V304h144c17.67 0 32-14.33 32-32v-32c0-17.67-14.33-32-32-32z\"><\/path><\/svg><\/span>\n\t\t<\/span>\n\n\t\t\t\t\t\t<\/summary>\n\t\t\t\t<div role=\"region\" aria-labelledby=\"e-n-accordion-item-7900\" class=\"elementor-element elementor-element-c3caaba e-con-full e-flex e-con e-child\" data-id=\"c3caaba\" data-element_type=\"container\">\n\t\t\t\t<div class=\"elementor-element elementor-element-0e29690 elementor-widget elementor-widget-text-editor\" data-id=\"0e29690\" data-element_type=\"widget\" data-widget_type=\"text-editor.default\">\n\t\t\t\t\t\t\t\t\t<p>Jeder, der ein Tier besitzt. Als Tierhalter haften Sie auch ohne Ihr eigenes Verschulden.<\/p>\t\t\t\t\t\t\t\t<\/div>\n\t\t\t\t<\/div>\n\t\t\t\t\t<\/details>\n\t\t\t\t\t\t<details id=\"e-n-accordion-item-7901\" class=\"e-n-accordion-item\" >\n\t\t\t\t<summary class=\"e-n-accordion-item-title\" data-accordion-index=\"2\" tabindex=\"-1\" aria-expanded=\"false\" aria-controls=\"e-n-accordion-item-7901\" >\n\t\t\t\t\t<span class='e-n-accordion-item-title-header'><h3 class=\"e-n-accordion-item-title-text\"> Wer ist versichert? <\/h3><\/span>\n\t\t\t\t\t\t\t<span class='e-n-accordion-item-title-icon'>\n\t\t\t<span class='e-opened' ><svg aria-hidden=\"true\" class=\"e-font-icon-svg e-fas-minus\" viewBox=\"0 0 448 512\" xmlns=\"http:\/\/www.w3.org\/2000\/svg\"><path d=\"M416 208H32c-17.67 0-32 14.33-32 32v32c0 17.67 14.33 32 32 32h384c17.67 0 32-14.33 32-32v-32c0-17.67-14.33-32-32-32z\"><\/path><\/svg><\/span>\n\t\t\t<span class='e-closed'><svg aria-hidden=\"true\" class=\"e-font-icon-svg e-fas-plus\" viewBox=\"0 0 448 512\" xmlns=\"http:\/\/www.w3.org\/2000\/svg\"><path d=\"M416 208H272V64c0-17.67-14.33-32-32-32h-32c-17.67 0-32 14.33-32 32v144H32c-17.67 0-32 14.33-32 32v32c0 17.67 14.33 32 32 32h144v144c0 17.67 14.33 32 32 32h32c17.67 0 32-14.33 32-32V304h144c17.67 0 32-14.33 32-32v-32c0-17.67-14.33-32-32-32z\"><\/path><\/svg><\/span>\n\t\t<\/span>\n\n\t\t\t\t\t\t<\/summary>\n\t\t\t\t<div role=\"region\" aria-labelledby=\"e-n-accordion-item-7901\" class=\"elementor-element elementor-element-e0dc545 e-con-full e-flex e-con e-child\" data-id=\"e0dc545\" data-element_type=\"container\">\n\t\t\t\t<div class=\"elementor-element elementor-element-9b869ee elementor-widget elementor-widget-text-editor\" data-id=\"9b869ee\" data-element_type=\"widget\" data-widget_type=\"text-editor.default\">\n\t\t\t\t\t\t\t\t\t<p>Versichert sind Sie als Versicherungsnehmer und zwar in Ihrer Eigenschaft als Tierhalter. Hierbei gilt zu bedenken, dass jedes Tier versichert werden muss.<br \/>Wenn ein neues Tier hinzukommt und Sie bereits eine Tierhalterhaftpflicht haben, sollten Sie dies Ihrer Versicherung zu fr\u00fch wie m\u00f6glich mitteilen.<\/p>\t\t\t\t\t\t\t\t<\/div>\n\t\t\t\t<\/div>\n\t\t\t\t\t<\/details>\n\t\t\t\t\t\t<details id=\"e-n-accordion-item-7902\" class=\"e-n-accordion-item\" >\n\t\t\t\t<summary class=\"e-n-accordion-item-title\" data-accordion-index=\"3\" tabindex=\"-1\" aria-expanded=\"false\" aria-controls=\"e-n-accordion-item-7902\" >\n\t\t\t\t\t<span class='e-n-accordion-item-title-header'><h3 class=\"e-n-accordion-item-title-text\"> Was ist versichert? <\/h3><\/span>\n\t\t\t\t\t\t\t<span class='e-n-accordion-item-title-icon'>\n\t\t\t<span class='e-opened' ><svg aria-hidden=\"true\" class=\"e-font-icon-svg e-fas-minus\" viewBox=\"0 0 448 512\" xmlns=\"http:\/\/www.w3.org\/2000\/svg\"><path d=\"M416 208H32c-17.67 0-32 14.33-32 32v32c0 17.67 14.33 32 32 32h384c17.67 0 32-14.33 32-32v-32c0-17.67-14.33-32-32-32z\"><\/path><\/svg><\/span>\n\t\t\t<span class='e-closed'><svg aria-hidden=\"true\" class=\"e-font-icon-svg e-fas-plus\" viewBox=\"0 0 448 512\" xmlns=\"http:\/\/www.w3.org\/2000\/svg\"><path d=\"M416 208H272V64c0-17.67-14.33-32-32-32h-32c-17.67 0-32 14.33-32 32v144H32c-17.67 0-32 14.33-32 32v32c0 17.67 14.33 32 32 32h144v144c0 17.67 14.33 32 32 32h32c17.67 0 32-14.33 32-32V304h144c17.67 0 32-14.33 32-32v-32c0-17.67-14.33-32-32-32z\"><\/path><\/svg><\/span>\n\t\t<\/span>\n\n\t\t\t\t\t\t<\/summary>\n\t\t\t\t<div role=\"region\" aria-labelledby=\"e-n-accordion-item-7902\" class=\"elementor-element elementor-element-17d70ed e-con-full e-flex e-con e-child\" data-id=\"17d70ed\" data-element_type=\"container\">\n\t\t\t\t<div class=\"elementor-element elementor-element-3c6edd6 elementor-widget elementor-widget-text-editor\" data-id=\"3c6edd6\" data-element_type=\"widget\" data-widget_type=\"text-editor.default\">\n\t\t\t\t\t\t\t\t\t<p>Die Tierhalterhaftpflichtversicherung zahlt eine Entsch\u00e4digung an Dritte, wenn dessen Schadensersatzanspr\u00fcche gerechtfertigt sind. Es ist ebenfalls die Aufgabe Ihrer Versicherung zu pr\u00fcfen, ob Sie \u00fcberhaupt verpflichtet sind Schadensersatz zu leisten. Unbegr\u00fcndete Anspr\u00fcche werden von der Versicherung abgewehrt.<\/p>\t\t\t\t\t\t\t\t<\/div>\n\t\t\t\t<\/div>\n\t\t\t\t\t<\/details>\n\t\t\t\t\t\t<details id=\"e-n-accordion-item-7903\" class=\"e-n-accordion-item\" >\n\t\t\t\t<summary class=\"e-n-accordion-item-title\" data-accordion-index=\"4\" tabindex=\"-1\" aria-expanded=\"false\" aria-controls=\"e-n-accordion-item-7903\" >\n\t\t\t\t\t<span class='e-n-accordion-item-title-header'><h3 class=\"e-n-accordion-item-title-text\"> Wer ist nicht versichert? <\/h3><\/span>\n\t\t\t\t\t\t\t<span class='e-n-accordion-item-title-icon'>\n\t\t\t<span class='e-opened' ><svg aria-hidden=\"true\" class=\"e-font-icon-svg e-fas-minus\" viewBox=\"0 0 448 512\" xmlns=\"http:\/\/www.w3.org\/2000\/svg\"><path d=\"M416 208H32c-17.67 0-32 14.33-32 32v32c0 17.67 14.33 32 32 32h384c17.67 0 32-14.33 32-32v-32c0-17.67-14.33-32-32-32z\"><\/path><\/svg><\/span>\n\t\t\t<span class='e-closed'><svg aria-hidden=\"true\" class=\"e-font-icon-svg e-fas-plus\" viewBox=\"0 0 448 512\" xmlns=\"http:\/\/www.w3.org\/2000\/svg\"><path d=\"M416 208H272V64c0-17.67-14.33-32-32-32h-32c-17.67 0-32 14.33-32 32v144H32c-17.67 0-32 14.33-32 32v32c0 17.67 14.33 32 32 32h144v144c0 17.67 14.33 32 32 32h32c17.67 0 32-14.33 32-32V304h144c17.67 0 32-14.33 32-32v-32c0-17.67-14.33-32-32-32z\"><\/path><\/svg><\/span>\n\t\t<\/span>\n\n\t\t\t\t\t\t<\/summary>\n\t\t\t\t<div role=\"region\" aria-labelledby=\"e-n-accordion-item-7903\" class=\"elementor-element elementor-element-d51ef5f e-con-full e-flex e-con e-child\" data-id=\"d51ef5f\" data-element_type=\"container\">\n\t\t\t\t<div class=\"elementor-element elementor-element-c1173e5 elementor-widget elementor-widget-text-editor\" data-id=\"c1173e5\" data-element_type=\"widget\" data-widget_type=\"text-editor.default\">\n\t\t\t\t\t\t\t\t\t<p>Tierhalter, die Tiere gewerblich nutzen, brauchen eine gewerbliche Tierhalterhaftpflichtversicherung. Wer z.B. sein Tier gegen Bezahlung verleiht, ben\u00f6tigt auch eine spezielle Form der Versicherung. Jede Form der gewerblichen Nutzung muss speziell versichert werden. Vors\u00e4tzlich herbeigef\u00fchrte Sch\u00e4den sind ebenfalls nicht versichert.<\/p>\t\t\t\t\t\t\t\t<\/div>\n\t\t\t\t<\/div>\n\t\t\t\t\t<\/details>\n\t\t\t\t\t<\/div>\n\t\t\t\t\t\t<\/div>\n\t\t\t\t\t<\/div>\n\t\t\t\t<\/div>\n\t\t\t\t\t<\/div>\n\t\t\t\t<\/div>\n\t\t<div class=\"elementor-element elementor-element-47e90c2 e-flex e-con-boxed e-con e-parent\" data-id=\"47e90c2\" data-element_type=\"container\">\n\t\t\t\t\t<div class=\"e-con-inner\">\n\t\t<div class=\"elementor-element elementor-element-0835a02 e-con-full e-flex e-con e-child\" data-id=\"0835a02\" data-element_type=\"container\">\n\t\t\t\t<div class=\"elementor-element elementor-element-c6d6c75 elementor-view-default elementor-position-top elementor-mobile-position-top elementor-widget elementor-widget-icon-box\" data-id=\"c6d6c75\" data-element_type=\"widget\" data-widget_type=\"icon-box.default\">\n\t\t\t\t\t\t\t<div class=\"elementor-icon-box-wrapper\">\n\n\t\t\t\t\t\t<div class=\"elementor-icon-box-icon\">\n\t\t\t\t<span  class=\"elementor-icon\">\n\t\t\t\t<svg aria-hidden=\"true\" class=\"e-font-icon-svg e-fas-exclamation\" viewBox=\"0 0 192 512\" xmlns=\"http:\/\/www.w3.org\/2000\/svg\"><path d=\"M176 432c0 44.112-35.888 80-80 80s-80-35.888-80-80 35.888-80 80-80 80 35.888 80 80zM25.26 25.199l13.6 272C39.499 309.972 50.041 320 62.83 320h66.34c12.789 0 23.331-10.028 23.97-22.801l13.6-272C167.425 11.49 156.496 0 142.77 0H49.23C35.504 0 24.575 11.49 25.26 25.199z\"><\/path><\/svg>\t\t\t\t<\/span>\n\t\t\t<\/div>\n\t\t\t\n\t\t\t\t\t\t<div class=\"elementor-icon-box-content\">\n\n\t\t\t\t\n\t\t\t\t\t\t\t\t\t<p class=\"elementor-icon-box-description\">\n\t\t\t\t\t\tDie Tierhalterhaftpflicht ist f\u00fcr jeden privaten Tierbesitzer eine zwingende Notwendigkeit, <br> denn Sie haften in unbegrenzter H\u00f6he f\u00fcr Ihr Tier.\t\t\t\t\t<\/p>\n\t\t\t\t\n\t\t\t<\/div>\n\t\t\t\n\t\t<\/div>\n\t\t\t\t\t\t<\/div>\n\t\t\t\t<\/div>\n\t\t\t\t\t<\/div>\n\t\t\t\t<\/div>\n\t\t\t\t<\/div>\n\t\t","protected":false},"excerpt":{"rendered":"<p>Tierhalterhaftpflicht Als Halter eines Tieres haften Sie f\u00fcr Sch\u00e4den, die das Tier verursacht, auch wenn Sie selbst keine Schuld trifft. Allein die Tatsache, dass Sie dieses Tier besitzen gen\u00fcgt, damit Sie haftbar gemacht werden k\u00f6nnen. Dies f\u00e4llt unter den Bestand der Gef\u00e4hrdungshaftung. Hundehaftpflichtversicherung vergleichen: Kontaktieren Sie uns jetzt Pferdehaftpflichtversicherung vergleichen: Kontaktieren Sie uns jetzt Wer [&hellip;]<\/p>\n","protected":false},"author":1,"featured_media":0,"parent":0,"menu_order":0,"comment_status":"closed","ping_status":"closed","template":"","meta":{"footnotes":""},"class_list":["post-366","page","type-page","status-publish","hentry"],"_links":{"self":[{"href":"https:\/\/142912.webtonia.cloud\/index.php\/wp-json\/wp\/v2\/pages\/366","targetHints":{"allow":["GET"]}}],"collection":[{"href":"https:\/\/142912.webtonia.cloud\/index.php\/wp-json\/wp\/v2\/pages"}],"about":[{"href":"https:\/\/142912.webtonia.cloud\/index.php\/wp-json\/wp\/v2\/types\/page"}],"author":[{"embeddable":true,"href":"https:\/\/142912.webtonia.cloud\/index.php\/wp-json\/wp\/v2\/users\/1"}],"replies":[{"embeddable":true,"href":"https:\/\/142912.webtonia.cloud\/index.php\/wp-json\/wp\/v2\/comments?post=366"}],"version-history":[{"count":112,"href":"https:\/\/142912.webtonia.cloud\/index.php\/wp-json\/wp\/v2\/pages\/366\/revisions"}],"predecessor-version":[{"id":2072,"href":"https:\/\/142912.webtonia.cloud\/index.php\/wp-json\/wp\/v2\/pages\/366\/revisions\/2072"}],"wp:attachment":[{"href":"https:\/\/142912.webtonia.cloud\/index.php\/wp-json\/wp\/v2\/media?parent=366"}],"curies":[{"name":"wp","href":"https:\/\/api.w.org\/{rel}","templated":true}]}}