{"id":141,"date":"2025-08-07T09:19:00","date_gmt":"2025-08-07T07:19:00","guid":{"rendered":"https:\/\/142912.webtonia.cloud\/?page_id=141"},"modified":"2025-08-22T10:42:08","modified_gmt":"2025-08-22T08:42:08","slug":"vorsorge","status":"publish","type":"page","link":"https:\/\/142912.webtonia.cloud\/index.php\/vorsorge\/","title":{"rendered":"Vorsorge"},"content":{"rendered":"\t\t<div data-elementor-type=\"wp-page\" data-elementor-id=\"141\" class=\"elementor elementor-141\" data-elementor-settings=\"{&quot;element_pack_global_tooltip_width&quot;:{&quot;unit&quot;:&quot;px&quot;,&quot;size&quot;:&quot;&quot;,&quot;sizes&quot;:[]},&quot;element_pack_global_tooltip_width_tablet&quot;:{&quot;unit&quot;:&quot;px&quot;,&quot;size&quot;:&quot;&quot;,&quot;sizes&quot;:[]},&quot;element_pack_global_tooltip_width_mobile&quot;:{&quot;unit&quot;:&quot;px&quot;,&quot;size&quot;:&quot;&quot;,&quot;sizes&quot;:[]},&quot;element_pack_global_tooltip_padding&quot;:{&quot;unit&quot;:&quot;px&quot;,&quot;top&quot;:&quot;&quot;,&quot;right&quot;:&quot;&quot;,&quot;bottom&quot;:&quot;&quot;,&quot;left&quot;:&quot;&quot;,&quot;isLinked&quot;:true},&quot;element_pack_global_tooltip_padding_tablet&quot;:{&quot;unit&quot;:&quot;px&quot;,&quot;top&quot;:&quot;&quot;,&quot;right&quot;:&quot;&quot;,&quot;bottom&quot;:&quot;&quot;,&quot;left&quot;:&quot;&quot;,&quot;isLinked&quot;:true},&quot;element_pack_global_tooltip_padding_mobile&quot;:{&quot;unit&quot;:&quot;px&quot;,&quot;top&quot;:&quot;&quot;,&quot;right&quot;:&quot;&quot;,&quot;bottom&quot;:&quot;&quot;,&quot;left&quot;:&quot;&quot;,&quot;isLinked&quot;:true},&quot;element_pack_global_tooltip_border_radius&quot;:{&quot;unit&quot;:&quot;px&quot;,&quot;top&quot;:&quot;&quot;,&quot;right&quot;:&quot;&quot;,&quot;bottom&quot;:&quot;&quot;,&quot;left&quot;:&quot;&quot;,&quot;isLinked&quot;:true},&quot;element_pack_global_tooltip_border_radius_tablet&quot;:{&quot;unit&quot;:&quot;px&quot;,&quot;top&quot;:&quot;&quot;,&quot;right&quot;:&quot;&quot;,&quot;bottom&quot;:&quot;&quot;,&quot;left&quot;:&quot;&quot;,&quot;isLinked&quot;:true},&quot;element_pack_global_tooltip_border_radius_mobile&quot;:{&quot;unit&quot;:&quot;px&quot;,&quot;top&quot;:&quot;&quot;,&quot;right&quot;:&quot;&quot;,&quot;bottom&quot;:&quot;&quot;,&quot;left&quot;:&quot;&quot;,&quot;isLinked&quot;:true}}\" data-elementor-post-type=\"page\">\n\t\t\t\t<div class=\"elementor-element elementor-element-48ce264 e-flex e-con-boxed e-con e-parent\" data-id=\"48ce264\" data-element_type=\"container\" data-settings=\"{&quot;background_background&quot;:&quot;classic&quot;}\">\n\t\t\t\t\t<div class=\"e-con-inner\">\n\t\t\t\t<div class=\"elementor-element elementor-element-89242c6 elementor-widget__width-inherit elementor-widget elementor-widget-heading\" data-id=\"89242c6\" data-element_type=\"widget\" data-widget_type=\"heading.default\">\n\t\t\t\t\t<h1 class=\"elementor-heading-title elementor-size-default\">Die passende Vorsorge treffen<\/h1>\t\t\t\t<\/div>\n\t\t\t\t\t<\/div>\n\t\t\t\t<\/div>\n\t\t<div class=\"elementor-element elementor-element-b7e5da2 e-flex e-con-boxed e-con e-parent\" data-id=\"b7e5da2\" data-element_type=\"container\">\n\t\t\t\t\t<div class=\"e-con-inner\">\n\t\t\t\t<div class=\"elementor-element elementor-element-c8c128a elementor-widget elementor-widget-heading\" data-id=\"c8c128a\" data-element_type=\"widget\" data-widget_type=\"heading.default\">\n\t\t\t\t\t<h2 class=\"elementor-heading-title elementor-size-default\">Je nach Bedarf eignen sich verschieden Produkte f\u00fcr die pers\u00f6nliche Vorsorge. <br>Wir informieren Sie gerne \u00fcber die verschiedenen M\u00f6glichkeiten.<\/h2>\t\t\t\t<\/div>\n\t\t\t\t\t<\/div>\n\t\t\t\t<\/div>\n\t\t<div class=\"elementor-element elementor-element-a211656 e-flex e-con-boxed e-con e-parent\" data-id=\"a211656\" data-element_type=\"container\">\n\t\t\t\t\t<div class=\"e-con-inner\">\n\t\t\t\t<div class=\"elementor-element elementor-element-9a3cfd9 elementor-widget__width-initial elementor-widget elementor-widget-image\" data-id=\"9a3cfd9\" data-element_type=\"widget\" data-widget_type=\"image.default\">\n\t\t\t\t\t\t\t\t\t\t\t\t\t\t\t<img fetchpriority=\"high\" decoding=\"async\" width=\"2560\" height=\"1707\" src=\"https:\/\/142912.webtonia.cloud\/wp-content\/uploads\/2025\/08\/holzerne-mannzahl-auf-stapel-goldmunzen-auf-weissem-hintergrund-mit-kopienraum-scaled.jpg\" class=\"attachment-full size-full wp-image-573\" alt=\"\" srcset=\"https:\/\/142912.webtonia.cloud\/wp-content\/uploads\/2025\/08\/holzerne-mannzahl-auf-stapel-goldmunzen-auf-weissem-hintergrund-mit-kopienraum-scaled.jpg 2560w, https:\/\/142912.webtonia.cloud\/wp-content\/uploads\/2025\/08\/holzerne-mannzahl-auf-stapel-goldmunzen-auf-weissem-hintergrund-mit-kopienraum-300x200.jpg 300w, https:\/\/142912.webtonia.cloud\/wp-content\/uploads\/2025\/08\/holzerne-mannzahl-auf-stapel-goldmunzen-auf-weissem-hintergrund-mit-kopienraum-1024x683.jpg 1024w, https:\/\/142912.webtonia.cloud\/wp-content\/uploads\/2025\/08\/holzerne-mannzahl-auf-stapel-goldmunzen-auf-weissem-hintergrund-mit-kopienraum-768x512.jpg 768w, https:\/\/142912.webtonia.cloud\/wp-content\/uploads\/2025\/08\/holzerne-mannzahl-auf-stapel-goldmunzen-auf-weissem-hintergrund-mit-kopienraum-1536x1024.jpg 1536w, https:\/\/142912.webtonia.cloud\/wp-content\/uploads\/2025\/08\/holzerne-mannzahl-auf-stapel-goldmunzen-auf-weissem-hintergrund-mit-kopienraum-2048x1365.jpg 2048w\" sizes=\"(max-width: 2560px) 100vw, 2560px\" \/>\t\t\t\t\t\t\t\t\t\t\t\t\t\t\t<\/div>\n\t\t<div class=\"elementor-element elementor-element-f3a8599 e-con-full e-flex e-con e-child\" data-id=\"f3a8599\" data-element_type=\"container\">\n\t\t\t\t<div class=\"elementor-element elementor-element-895af1c elementor-widget elementor-widget-heading\" data-id=\"895af1c\" data-element_type=\"widget\" data-widget_type=\"heading.default\">\n\t\t\t\t\t<h2 class=\"elementor-heading-title elementor-size-default\">Berufsunf\u00e4higkeitsabsicherung<\/h2>\t\t\t\t<\/div>\n\t\t\t\t<div class=\"elementor-element elementor-element-6193743 elementor-widget elementor-widget-text-editor\" data-id=\"6193743\" data-element_type=\"widget\" data-widget_type=\"text-editor.default\">\n\t\t\t\t\t\t\t\t\t<p>Bei der Absicherung der Berufsunf\u00e4higkeit ber\u00fccksichtigen die Versicherer zahlreiche Faktoren. Vergleichen Sie die verschiedenen Bedingungen.<\/p>\t\t\t\t\t\t\t\t<\/div>\n\t\t<div class=\"elementor-element elementor-element-a882926 e-con-full e-flex e-con e-child\" data-id=\"a882926\" data-element_type=\"container\">\n\t\t\t\t<div class=\"elementor-element elementor-element-130dbdf elementor-mobile-align-justify elementor-widget-mobile__width-inherit elementor-widget elementor-widget-button\" data-id=\"130dbdf\" data-element_type=\"widget\" data-widget_type=\"button.default\">\n\t\t\t\t\t\t\t\t\t\t<a class=\"elementor-button elementor-button-link elementor-size-sm\" href=\"https:\/\/142912.webtonia.cloud\/index.php\/berufsunfaehigkeitsabsicherung\/\">\n\t\t\t\t\t\t<span class=\"elementor-button-content-wrapper\">\n\t\t\t\t\t\t<span class=\"elementor-button-icon\">\n\t\t\t\t<svg aria-hidden=\"true\" class=\"e-font-icon-svg e-fas-long-arrow-alt-right\" viewBox=\"0 0 448 512\" xmlns=\"http:\/\/www.w3.org\/2000\/svg\"><path d=\"M313.941 216H12c-6.627 0-12 5.373-12 12v56c0 6.627 5.373 12 12 12h301.941v46.059c0 21.382 25.851 32.09 40.971 16.971l86.059-86.059c9.373-9.373 9.373-24.569 0-33.941l-86.059-86.059c-15.119-15.119-40.971-4.411-40.971 16.971V216z\"><\/path><\/svg>\t\t\t<\/span>\n\t\t\t\t\t\t\t\t\t<span class=\"elementor-button-text\">weiterlesen<\/span>\n\t\t\t\t\t<\/span>\n\t\t\t\t\t<\/a>\n\t\t\t\t\t\t\t\t<\/div>\n\t\t\t\t<\/div>\n\t\t\t\t<\/div>\n\t\t\t\t\t<\/div>\n\t\t\t\t<\/div>\n\t\t<div class=\"elementor-element elementor-element-dba3b61 e-flex e-con-boxed e-con e-parent\" data-id=\"dba3b61\" data-element_type=\"container\">\n\t\t\t\t\t<div class=\"e-con-inner\">\n\t\t\t\t<div class=\"elementor-element elementor-element-cb4cdb3 elementor-widget__width-initial elementor-widget elementor-widget-image\" data-id=\"cb4cdb3\" data-element_type=\"widget\" data-widget_type=\"image.default\">\n\t\t\t\t\t\t\t\t\t\t\t\t\t\t\t<img decoding=\"async\" width=\"2560\" height=\"1707\" src=\"https:\/\/142912.webtonia.cloud\/wp-content\/uploads\/2025\/08\/portrat-eines-mittleren-erwachsenen-geschaftsmannes-mit-schutzender-gesichtsmaske-im-buro-scaled.jpg\" class=\"attachment-full size-full wp-image-687\" alt=\"\" srcset=\"https:\/\/142912.webtonia.cloud\/wp-content\/uploads\/2025\/08\/portrat-eines-mittleren-erwachsenen-geschaftsmannes-mit-schutzender-gesichtsmaske-im-buro-scaled.jpg 2560w, https:\/\/142912.webtonia.cloud\/wp-content\/uploads\/2025\/08\/portrat-eines-mittleren-erwachsenen-geschaftsmannes-mit-schutzender-gesichtsmaske-im-buro-300x200.jpg 300w, https:\/\/142912.webtonia.cloud\/wp-content\/uploads\/2025\/08\/portrat-eines-mittleren-erwachsenen-geschaftsmannes-mit-schutzender-gesichtsmaske-im-buro-1024x683.jpg 1024w, https:\/\/142912.webtonia.cloud\/wp-content\/uploads\/2025\/08\/portrat-eines-mittleren-erwachsenen-geschaftsmannes-mit-schutzender-gesichtsmaske-im-buro-768x512.jpg 768w, https:\/\/142912.webtonia.cloud\/wp-content\/uploads\/2025\/08\/portrat-eines-mittleren-erwachsenen-geschaftsmannes-mit-schutzender-gesichtsmaske-im-buro-1536x1024.jpg 1536w, https:\/\/142912.webtonia.cloud\/wp-content\/uploads\/2025\/08\/portrat-eines-mittleren-erwachsenen-geschaftsmannes-mit-schutzender-gesichtsmaske-im-buro-2048x1365.jpg 2048w\" sizes=\"(max-width: 2560px) 100vw, 2560px\" \/>\t\t\t\t\t\t\t\t\t\t\t\t\t\t\t<\/div>\n\t\t<div class=\"elementor-element elementor-element-83bbd12 e-con-full e-flex e-con e-child\" data-id=\"83bbd12\" data-element_type=\"container\">\n\t\t\t\t<div class=\"elementor-element elementor-element-adef11c elementor-widget elementor-widget-heading\" data-id=\"adef11c\" data-element_type=\"widget\" data-widget_type=\"heading.default\">\n\t\t\t\t\t<h2 class=\"elementor-heading-title elementor-size-default\">Krankenzusatz<\/h2>\t\t\t\t<\/div>\n\t\t\t\t<div class=\"elementor-element elementor-element-95d9457 elementor-widget elementor-widget-text-editor\" data-id=\"95d9457\" data-element_type=\"widget\" data-widget_type=\"text-editor.default\">\n\t\t\t\t\t\t\t\t\t<p>Wer die Versorgung im Krankheitsfall verbessern m\u00f6chte, muss heute selbst mit Zusatz- und Erg\u00e4nzungstarifen vorsorgen.<\/p>\t\t\t\t\t\t\t\t<\/div>\n\t\t<div class=\"elementor-element elementor-element-07bb71e e-con-full e-flex e-con e-child\" data-id=\"07bb71e\" data-element_type=\"container\">\n\t\t\t\t<div class=\"elementor-element elementor-element-ce85ade elementor-mobile-align-justify elementor-widget-mobile__width-inherit elementor-widget elementor-widget-button\" data-id=\"ce85ade\" data-element_type=\"widget\" data-widget_type=\"button.default\">\n\t\t\t\t\t\t\t\t\t\t<a class=\"elementor-button elementor-button-link elementor-size-sm\" href=\"https:\/\/142912.webtonia.cloud\/index.php\/krankenzusatzversicherung\/\">\n\t\t\t\t\t\t<span class=\"elementor-button-content-wrapper\">\n\t\t\t\t\t\t<span class=\"elementor-button-icon\">\n\t\t\t\t<svg aria-hidden=\"true\" class=\"e-font-icon-svg e-fas-long-arrow-alt-right\" viewBox=\"0 0 448 512\" xmlns=\"http:\/\/www.w3.org\/2000\/svg\"><path d=\"M313.941 216H12c-6.627 0-12 5.373-12 12v56c0 6.627 5.373 12 12 12h301.941v46.059c0 21.382 25.851 32.09 40.971 16.971l86.059-86.059c9.373-9.373 9.373-24.569 0-33.941l-86.059-86.059c-15.119-15.119-40.971-4.411-40.971 16.971V216z\"><\/path><\/svg>\t\t\t<\/span>\n\t\t\t\t\t\t\t\t\t<span class=\"elementor-button-text\">weiterlesen<\/span>\n\t\t\t\t\t<\/span>\n\t\t\t\t\t<\/a>\n\t\t\t\t\t\t\t\t<\/div>\n\t\t\t\t<\/div>\n\t\t\t\t<\/div>\n\t\t\t\t\t<\/div>\n\t\t\t\t<\/div>\n\t\t<div class=\"elementor-element elementor-element-58303ec e-flex e-con-boxed e-con e-parent\" data-id=\"58303ec\" data-element_type=\"container\">\n\t\t\t\t\t<div class=\"e-con-inner\">\n\t\t\t\t<div class=\"elementor-element elementor-element-6daffdf elementor-widget__width-initial elementor-widget elementor-widget-image\" data-id=\"6daffdf\" data-element_type=\"widget\" data-widget_type=\"image.default\">\n\t\t\t\t\t\t\t\t\t\t\t\t\t\t\t<img decoding=\"async\" width=\"2560\" height=\"1707\" src=\"https:\/\/142912.webtonia.cloud\/wp-content\/uploads\/2025\/08\/bauarbeiter-scaled.jpg\" class=\"attachment-full size-full wp-image-710\" alt=\"\" srcset=\"https:\/\/142912.webtonia.cloud\/wp-content\/uploads\/2025\/08\/bauarbeiter-scaled.jpg 2560w, https:\/\/142912.webtonia.cloud\/wp-content\/uploads\/2025\/08\/bauarbeiter-300x200.jpg 300w, https:\/\/142912.webtonia.cloud\/wp-content\/uploads\/2025\/08\/bauarbeiter-1024x683.jpg 1024w, https:\/\/142912.webtonia.cloud\/wp-content\/uploads\/2025\/08\/bauarbeiter-768x512.jpg 768w, https:\/\/142912.webtonia.cloud\/wp-content\/uploads\/2025\/08\/bauarbeiter-1536x1024.jpg 1536w, https:\/\/142912.webtonia.cloud\/wp-content\/uploads\/2025\/08\/bauarbeiter-2048x1365.jpg 2048w\" sizes=\"(max-width: 2560px) 100vw, 2560px\" \/>\t\t\t\t\t\t\t\t\t\t\t\t\t\t\t<\/div>\n\t\t<div class=\"elementor-element elementor-element-f35d438 e-con-full e-flex e-con e-child\" data-id=\"f35d438\" data-element_type=\"container\">\n\t\t\t\t<div class=\"elementor-element elementor-element-d96df48 elementor-widget elementor-widget-heading\" data-id=\"d96df48\" data-element_type=\"widget\" data-widget_type=\"heading.default\">\n\t\t\t\t\t<h2 class=\"elementor-heading-title elementor-size-default\">Unfallschutz<\/h2>\t\t\t\t<\/div>\n\t\t\t\t<div class=\"elementor-element elementor-element-0f78c84 elementor-widget elementor-widget-text-editor\" data-id=\"0f78c84\" data-element_type=\"widget\" data-widget_type=\"text-editor.default\">\n\t\t\t\t\t\t\t\t\t<p>Oft sind Krankenhausaufenthalte oder Invalidit\u00e4t die Folge eines Unfalls. Wollen Sie sicher und sorgenfrei den Alltag meistern, sichern Sie sich ab.<\/p>\t\t\t\t\t\t\t\t<\/div>\n\t\t<div class=\"elementor-element elementor-element-e720105 e-con-full e-flex e-con e-child\" data-id=\"e720105\" data-element_type=\"container\">\n\t\t\t\t<div class=\"elementor-element elementor-element-c2bc922 elementor-mobile-align-justify elementor-widget-mobile__width-inherit elementor-widget elementor-widget-button\" data-id=\"c2bc922\" data-element_type=\"widget\" data-widget_type=\"button.default\">\n\t\t\t\t\t\t\t\t\t\t<a class=\"elementor-button elementor-button-link elementor-size-sm\" href=\"https:\/\/142912.webtonia.cloud\/index.php\/unfallschutz\/\">\n\t\t\t\t\t\t<span class=\"elementor-button-content-wrapper\">\n\t\t\t\t\t\t<span class=\"elementor-button-icon\">\n\t\t\t\t<svg aria-hidden=\"true\" class=\"e-font-icon-svg e-fas-long-arrow-alt-right\" viewBox=\"0 0 448 512\" xmlns=\"http:\/\/www.w3.org\/2000\/svg\"><path d=\"M313.941 216H12c-6.627 0-12 5.373-12 12v56c0 6.627 5.373 12 12 12h301.941v46.059c0 21.382 25.851 32.09 40.971 16.971l86.059-86.059c9.373-9.373 9.373-24.569 0-33.941l-86.059-86.059c-15.119-15.119-40.971-4.411-40.971 16.971V216z\"><\/path><\/svg>\t\t\t<\/span>\n\t\t\t\t\t\t\t\t\t<span class=\"elementor-button-text\">weiterlesen<\/span>\n\t\t\t\t\t<\/span>\n\t\t\t\t\t<\/a>\n\t\t\t\t\t\t\t\t<\/div>\n\t\t\t\t<\/div>\n\t\t\t\t<\/div>\n\t\t\t\t\t<\/div>\n\t\t\t\t<\/div>\n\t\t\t\t<\/div>\n\t\t","protected":false},"excerpt":{"rendered":"<p>Die passende Vorsorge treffen Je nach Bedarf eignen sich verschieden Produkte f\u00fcr die pers\u00f6nliche Vorsorge. Wir informieren Sie gerne \u00fcber die verschiedenen M\u00f6glichkeiten. Berufsunf\u00e4higkeitsabsicherung Bei der Absicherung der Berufsunf\u00e4higkeit ber\u00fccksichtigen die Versicherer zahlreiche Faktoren. Vergleichen Sie die verschiedenen Bedingungen. weiterlesen Krankenzusatz Wer die Versorgung im Krankheitsfall verbessern m\u00f6chte, muss heute selbst mit Zusatz- und Erg\u00e4nzungstarifen [&hellip;]<\/p>\n","protected":false},"author":1,"featured_media":0,"parent":0,"menu_order":0,"comment_status":"closed","ping_status":"closed","template":"","meta":{"footnotes":""},"class_list":["post-141","page","type-page","status-publish","hentry"],"_links":{"self":[{"href":"https:\/\/142912.webtonia.cloud\/index.php\/wp-json\/wp\/v2\/pages\/141","targetHints":{"allow":["GET"]}}],"collection":[{"href":"https:\/\/142912.webtonia.cloud\/index.php\/wp-json\/wp\/v2\/pages"}],"about":[{"href":"https:\/\/142912.webtonia.cloud\/index.php\/wp-json\/wp\/v2\/types\/page"}],"author":[{"embeddable":true,"href":"https:\/\/142912.webtonia.cloud\/index.php\/wp-json\/wp\/v2\/users\/1"}],"replies":[{"embeddable":true,"href":"https:\/\/142912.webtonia.cloud\/index.php\/wp-json\/wp\/v2\/comments?post=141"}],"version-history":[{"count":55,"href":"https:\/\/142912.webtonia.cloud\/index.php\/wp-json\/wp\/v2\/pages\/141\/revisions"}],"predecessor-version":[{"id":2124,"href":"https:\/\/142912.webtonia.cloud\/index.php\/wp-json\/wp\/v2\/pages\/141\/revisions\/2124"}],"wp:attachment":[{"href":"https:\/\/142912.webtonia.cloud\/index.php\/wp-json\/wp\/v2\/media?parent=141"}],"curies":[{"name":"wp","href":"https:\/\/api.w.org\/{rel}","templated":true}]}}